{"id":12286,"date":"2021-11-13T14:18:02","date_gmt":"2021-11-13T14:18:02","guid":{"rendered":"https:\/\/woodshop.md\/ro\/?post_type=product&#038;p=12286"},"modified":"2021-12-23T11:09:46","modified_gmt":"2021-12-23T11:09:46","slug":"%d1%88%d0%b5%d1%81%d1%82%d0%b8%d0%b3%d1%80%d0%b0%d0%bd%d0%bd%d0%b0%d1%8f-%d0%b1%d0%b5%d1%81%d0%b5%d0%b4%d0%ba%d0%b0-%d1%84-3%d0%bc-%d0%bd%d0%b0-10-%d1%87%d0%b5%d0%bb%d0%be%d0%b2%d0%b5%d0%ba","status":"publish","type":"product","link":"https:\/\/woodshop.md\/ro\/product\/%d1%88%d0%b5%d1%81%d1%82%d0%b8%d0%b3%d1%80%d0%b0%d0%bd%d0%bd%d0%b0%d1%8f-%d0%b1%d0%b5%d1%81%d0%b5%d0%b4%d0%ba%d0%b0-%d1%84-3%d0%bc-%d0%bd%d0%b0-10-%d1%87%d0%b5%d0%bb%d0%be%d0%b2%d0%b5%d0%ba\/","title":{"rendered":"Foi\u0219or \u21168 la comanda de la"},"content":{"rendered":"<p><strong>Marimea D-3000<\/strong><\/p>\n<p>Foi\u0219orul cu 6 laturi ,mobilat este fabricat din pin uscat.<\/p>\n<p>Rafturi \u0219i maurlat din cherestea stratificata 100&#215;100.<\/p>\n<p>Lambriu pentru acoperi\u0219 18mm + acoperi\u0219 moale \u0219i profil lacrimar.<\/p>\n<p>Zabrele cu celula 40&#215;40 mm .<\/p>\n<p>Vopsire \u0219i montare op\u021bionale.<\/p>\n<p>Orice modificare este posibil\u0103.<\/p>\n<p>Fabricarea \u00een 30 de zile lucr\u0103toare.<\/p>\n","protected":false},"excerpt":{"rendered":"<p><strong>Marimea D-3000<\/strong><\/p>\n<p>Foi\u0219orul cu 6 laturi ,mobilat este fabricat din pin uscat.<\/p>\n<p>Rafturi \u0219i maurlat din cherestea stratificata 100&#215;100.<\/p>\n<p>Lambriu pentru acoperi\u0219 18mm + acoperi\u0219 moale \u0219i profil lacrimar.<\/p>\n<p>Zabrele cu celula 40&#215;40 mm .<\/p>\n<p>Vopsire \u0219i montare op\u021bionale.<\/p>\n<p>Orice modificare este posibil\u0103.<\/p>\n<p>Fabricarea \u00een 30 de zile lucr\u0103toare.<\/p>\n","protected":false},"featured_media":12701,"template":"","meta":[],"product_cat":[68,81],"product_tag":[],"class_list":["post-12286","product","type-product","status-publish","has-post-thumbnail","hentry","product_cat-foisoare","product_cat-foisoare-foisoare"],"yoast_head":"<!-- This site is optimized with the Yoast SEO plugin v17.8 - https:\/\/yoast.com\/wordpress\/plugins\/seo\/ -->\n<title>Foi\u0219or \u21168 la comanda de la - Wood Shop<\/title>\n<meta name=\"robots\" content=\"index, follow, max-snippet:-1, max-image-preview:large, max-video-preview:-1\" \/>\n<link rel=\"canonical\" href=\"https:\/\/woodshop.md\/ro\/product\/\u0448\u0435\u0441\u0442\u0438\u0433\u0440\u0430\u043d\u043d\u0430\u044f-\u0431\u0435\u0441\u0435\u0434\u043a\u0430-\u0444-3\u043c-\u043d\u0430-10-\u0447\u0435\u043b\u043e\u0432\u0435\u043a\/\" \/>\n<meta property=\"og:locale\" content=\"ro_RO\" \/>\n<meta property=\"og:type\" content=\"article\" \/>\n<meta property=\"og:title\" content=\"Foi\u0219or \u21168 la comanda de la - Wood Shop\" \/>\n<meta property=\"og:description\" content=\"Marimea D-3000  Foi\u0219orul cu 6 laturi ,mobilat este fabricat din pin uscat.  Rafturi \u0219i maurlat din cherestea stratificata 100x100.  Lambriu pentru acoperi\u0219 18mm + acoperi\u0219 moale \u0219i profil lacrimar.  Zabrele cu celula 40x40 mm .  Vopsire \u0219i montare op\u021bionale.  Orice modificare este posibil\u0103.  Fabricarea \u00een 30 de zile lucr\u0103toare.\" \/>\n<meta property=\"og:url\" content=\"https:\/\/woodshop.md\/ro\/product\/\u0448\u0435\u0441\u0442\u0438\u0433\u0440\u0430\u043d\u043d\u0430\u044f-\u0431\u0435\u0441\u0435\u0434\u043a\u0430-\u0444-3\u043c-\u043d\u0430-10-\u0447\u0435\u043b\u043e\u0432\u0435\u043a\/\" \/>\n<meta property=\"og:site_name\" content=\"Wood Shop\" \/>\n<meta property=\"article:modified_time\" content=\"2021-12-23T11:09:46+00:00\" \/>\n<meta property=\"og:image\" content=\"https:\/\/woodshop.md\/ro\/wp-content\/uploads\/2021\/11\/\u0428\u0435\u0441\u0442\u0438\u0433\u0440\u0430\u043d\u043d\u0430\u044f-\u0431\u0435\u0441\u0435\u0434\u043a\u0430-\u0424-3\u043c-\u041d\u0430-10-\u0447\u0435\u043b-1.jpg\" \/>\n\t<meta property=\"og:image:width\" content=\"1614\" \/>\n\t<meta property=\"og:image:height\" content=\"1614\" \/>\n<meta name=\"twitter:card\" content=\"summary_large_image\" \/>\n<meta name=\"twitter:label1\" content=\"Timp estimat pentru citire\" \/>\n\t<meta name=\"twitter:data1\" content=\"1 minut\" \/>\n<script type=\"application\/ld+json\" class=\"yoast-schema-graph\">{\"@context\":\"https:\/\/schema.org\",\"@graph\":[{\"@type\":\"Organization\",\"@id\":\"https:\/\/woodshop.md\/ro\/#organization\",\"name\":\"WoodShop.md\",\"url\":\"https:\/\/woodshop.md\/ro\/\",\"sameAs\":[],\"logo\":{\"@type\":\"ImageObject\",\"@id\":\"https:\/\/woodshop.md\/ro\/#logo\",\"inLanguage\":\"ro-RO\",\"url\":\"https:\/\/woodshop.md\/ro\/wp-content\/uploads\/2021\/12\/0-02-05-9c0bf8921b1505d6b39b4cb0ef26bf41bc954d0bb150652886d6d895d184c68a_e4fa3341ee6bf8d9.jpg\",\"contentUrl\":\"https:\/\/woodshop.md\/ro\/wp-content\/uploads\/2021\/12\/0-02-05-9c0bf8921b1505d6b39b4cb0ef26bf41bc954d0bb150652886d6d895d184c68a_e4fa3341ee6bf8d9.jpg\",\"width\":464,\"height\":434,\"caption\":\"WoodShop.md\"},\"image\":{\"@id\":\"https:\/\/woodshop.md\/ro\/#logo\"}},{\"@type\":\"WebSite\",\"@id\":\"https:\/\/woodshop.md\/ro\/#website\",\"url\":\"https:\/\/woodshop.md\/ro\/\",\"name\":\"Wood Shop\",\"description\":\"Produse din lemn pe stoc si la comanda\",\"publisher\":{\"@id\":\"https:\/\/woodshop.md\/ro\/#organization\"},\"potentialAction\":[{\"@type\":\"SearchAction\",\"target\":{\"@type\":\"EntryPoint\",\"urlTemplate\":\"https:\/\/woodshop.md\/ro\/?s={search_term_string}\"},\"query-input\":\"required name=search_term_string\"}],\"inLanguage\":\"ro-RO\"},{\"@type\":\"ImageObject\",\"@id\":\"https:\/\/woodshop.md\/ro\/product\/%d1%88%d0%b5%d1%81%d1%82%d0%b8%d0%b3%d1%80%d0%b0%d0%bd%d0%bd%d0%b0%d1%8f-%d0%b1%d0%b5%d1%81%d0%b5%d0%b4%d0%ba%d0%b0-%d1%84-3%d0%bc-%d0%bd%d0%b0-10-%d1%87%d0%b5%d0%bb%d0%be%d0%b2%d0%b5%d0%ba\/#primaryimage\",\"inLanguage\":\"ro-RO\",\"url\":\"https:\/\/woodshop.md\/ro\/wp-content\/uploads\/2021\/11\/\\u0428\\u0435\\u0441\\u0442\\u0438\\u0433\\u0440\\u0430\\u043d\\u043d\\u0430\\u044f-\\u0431\\u0435\\u0441\\u0435\\u0434\\u043a\\u0430-\\u0424-3\\u043c-\\u041d\\u0430-10-\\u0447\\u0435\\u043b-1.jpg\",\"contentUrl\":\"https:\/\/woodshop.md\/ro\/wp-content\/uploads\/2021\/11\/\\u0428\\u0435\\u0441\\u0442\\u0438\\u0433\\u0440\\u0430\\u043d\\u043d\\u0430\\u044f-\\u0431\\u0435\\u0441\\u0435\\u0434\\u043a\\u0430-\\u0424-3\\u043c-\\u041d\\u0430-10-\\u0447\\u0435\\u043b-1.jpg\",\"width\":1614,\"height\":1614},{\"@type\":\"WebPage\",\"@id\":\"https:\/\/woodshop.md\/ro\/product\/%d1%88%d0%b5%d1%81%d1%82%d0%b8%d0%b3%d1%80%d0%b0%d0%bd%d0%bd%d0%b0%d1%8f-%d0%b1%d0%b5%d1%81%d0%b5%d0%b4%d0%ba%d0%b0-%d1%84-3%d0%bc-%d0%bd%d0%b0-10-%d1%87%d0%b5%d0%bb%d0%be%d0%b2%d0%b5%d0%ba\/#webpage\",\"url\":\"https:\/\/woodshop.md\/ro\/product\/%d1%88%d0%b5%d1%81%d1%82%d0%b8%d0%b3%d1%80%d0%b0%d0%bd%d0%bd%d0%b0%d1%8f-%d0%b1%d0%b5%d1%81%d0%b5%d0%b4%d0%ba%d0%b0-%d1%84-3%d0%bc-%d0%bd%d0%b0-10-%d1%87%d0%b5%d0%bb%d0%be%d0%b2%d0%b5%d0%ba\/\",\"name\":\"Foi\\u0219or \\u21168 la comanda de la - Wood Shop\",\"isPartOf\":{\"@id\":\"https:\/\/woodshop.md\/ro\/#website\"},\"primaryImageOfPage\":{\"@id\":\"https:\/\/woodshop.md\/ro\/product\/%d1%88%d0%b5%d1%81%d1%82%d0%b8%d0%b3%d1%80%d0%b0%d0%bd%d0%bd%d0%b0%d1%8f-%d0%b1%d0%b5%d1%81%d0%b5%d0%b4%d0%ba%d0%b0-%d1%84-3%d0%bc-%d0%bd%d0%b0-10-%d1%87%d0%b5%d0%bb%d0%be%d0%b2%d0%b5%d0%ba\/#primaryimage\"},\"datePublished\":\"2021-11-13T14:18:02+00:00\",\"dateModified\":\"2021-12-23T11:09:46+00:00\",\"breadcrumb\":{\"@id\":\"https:\/\/woodshop.md\/ro\/product\/%d1%88%d0%b5%d1%81%d1%82%d0%b8%d0%b3%d1%80%d0%b0%d0%bd%d0%bd%d0%b0%d1%8f-%d0%b1%d0%b5%d1%81%d0%b5%d0%b4%d0%ba%d0%b0-%d1%84-3%d0%bc-%d0%bd%d0%b0-10-%d1%87%d0%b5%d0%bb%d0%be%d0%b2%d0%b5%d0%ba\/#breadcrumb\"},\"inLanguage\":\"ro-RO\",\"potentialAction\":[{\"@type\":\"ReadAction\",\"target\":[\"https:\/\/woodshop.md\/ro\/product\/%d1%88%d0%b5%d1%81%d1%82%d0%b8%d0%b3%d1%80%d0%b0%d0%bd%d0%bd%d0%b0%d1%8f-%d0%b1%d0%b5%d1%81%d0%b5%d0%b4%d0%ba%d0%b0-%d1%84-3%d0%bc-%d0%bd%d0%b0-10-%d1%87%d0%b5%d0%bb%d0%be%d0%b2%d0%b5%d0%ba\/\"]}]},{\"@type\":\"BreadcrumbList\",\"@id\":\"https:\/\/woodshop.md\/ro\/product\/%d1%88%d0%b5%d1%81%d1%82%d0%b8%d0%b3%d1%80%d0%b0%d0%bd%d0%bd%d0%b0%d1%8f-%d0%b1%d0%b5%d1%81%d0%b5%d0%b4%d0%ba%d0%b0-%d1%84-3%d0%bc-%d0%bd%d0%b0-10-%d1%87%d0%b5%d0%bb%d0%be%d0%b2%d0%b5%d0%ba\/#breadcrumb\",\"itemListElement\":[{\"@type\":\"ListItem\",\"position\":1,\"name\":\"\\u0413\\u043b\\u0430\\u0432\\u043d\\u0430\\u044f \\u0441\\u0442\\u0440\\u0430\\u043d\\u0438\\u0446\\u0430\",\"item\":\"https:\/\/woodshop.md\/ro\/\"},{\"@type\":\"ListItem\",\"position\":2,\"name\":\"Magazin\",\"item\":\"https:\/\/woodshop.md\/ro\/shop\/\"},{\"@type\":\"ListItem\",\"position\":3,\"name\":\"Foi\\u0219or \\u21168 la comanda de la\"}]}]}<\/script>\n<!-- \/ Yoast SEO plugin. -->","yoast_head_json":{"title":"Foi\u0219or \u21168 la comanda de la - Wood Shop","robots":{"index":"index","follow":"follow","max-snippet":"max-snippet:-1","max-image-preview":"max-image-preview:large","max-video-preview":"max-video-preview:-1"},"canonical":"https:\/\/woodshop.md\/ro\/product\/\u0448\u0435\u0441\u0442\u0438\u0433\u0440\u0430\u043d\u043d\u0430\u044f-\u0431\u0435\u0441\u0435\u0434\u043a\u0430-\u0444-3\u043c-\u043d\u0430-10-\u0447\u0435\u043b\u043e\u0432\u0435\u043a\/","og_locale":"ro_RO","og_type":"article","og_title":"Foi\u0219or \u21168 la comanda de la - Wood Shop","og_description":"Marimea D-3000  Foi\u0219orul cu 6 laturi ,mobilat este fabricat din pin uscat.  Rafturi \u0219i maurlat din cherestea stratificata 100x100.  Lambriu pentru acoperi\u0219 18mm + acoperi\u0219 moale \u0219i profil lacrimar.  Zabrele cu celula 40x40 mm .  Vopsire \u0219i montare op\u021bionale.  Orice modificare este posibil\u0103.  Fabricarea \u00een 30 de zile lucr\u0103toare.","og_url":"https:\/\/woodshop.md\/ro\/product\/\u0448\u0435\u0441\u0442\u0438\u0433\u0440\u0430\u043d\u043d\u0430\u044f-\u0431\u0435\u0441\u0435\u0434\u043a\u0430-\u0444-3\u043c-\u043d\u0430-10-\u0447\u0435\u043b\u043e\u0432\u0435\u043a\/","og_site_name":"Wood Shop","article_modified_time":"2021-12-23T11:09:46+00:00","og_image":[{"width":1614,"height":1614,"url":"https:\/\/woodshop.md\/ro\/wp-content\/uploads\/2021\/11\/\u0428\u0435\u0441\u0442\u0438\u0433\u0440\u0430\u043d\u043d\u0430\u044f-\u0431\u0435\u0441\u0435\u0434\u043a\u0430-\u0424-3\u043c-\u041d\u0430-10-\u0447\u0435\u043b-1.jpg","type":"image\/jpeg"}],"twitter_card":"summary_large_image","twitter_misc":{"Timp estimat pentru citire":"1 minut"},"schema":{"@context":"https:\/\/schema.org","@graph":[{"@type":"Organization","@id":"https:\/\/woodshop.md\/ro\/#organization","name":"WoodShop.md","url":"https:\/\/woodshop.md\/ro\/","sameAs":[],"logo":{"@type":"ImageObject","@id":"https:\/\/woodshop.md\/ro\/#logo","inLanguage":"ro-RO","url":"https:\/\/woodshop.md\/ro\/wp-content\/uploads\/2021\/12\/0-02-05-9c0bf8921b1505d6b39b4cb0ef26bf41bc954d0bb150652886d6d895d184c68a_e4fa3341ee6bf8d9.jpg","contentUrl":"https:\/\/woodshop.md\/ro\/wp-content\/uploads\/2021\/12\/0-02-05-9c0bf8921b1505d6b39b4cb0ef26bf41bc954d0bb150652886d6d895d184c68a_e4fa3341ee6bf8d9.jpg","width":464,"height":434,"caption":"WoodShop.md"},"image":{"@id":"https:\/\/woodshop.md\/ro\/#logo"}},{"@type":"WebSite","@id":"https:\/\/woodshop.md\/ro\/#website","url":"https:\/\/woodshop.md\/ro\/","name":"Wood Shop","description":"Produse din lemn pe stoc si la comanda","publisher":{"@id":"https:\/\/woodshop.md\/ro\/#organization"},"potentialAction":[{"@type":"SearchAction","target":{"@type":"EntryPoint","urlTemplate":"https:\/\/woodshop.md\/ro\/?s={search_term_string}"},"query-input":"required name=search_term_string"}],"inLanguage":"ro-RO"},{"@type":"ImageObject","@id":"https:\/\/woodshop.md\/ro\/product\/%d1%88%d0%b5%d1%81%d1%82%d0%b8%d0%b3%d1%80%d0%b0%d0%bd%d0%bd%d0%b0%d1%8f-%d0%b1%d0%b5%d1%81%d0%b5%d0%b4%d0%ba%d0%b0-%d1%84-3%d0%bc-%d0%bd%d0%b0-10-%d1%87%d0%b5%d0%bb%d0%be%d0%b2%d0%b5%d0%ba\/#primaryimage","inLanguage":"ro-RO","url":"https:\/\/woodshop.md\/ro\/wp-content\/uploads\/2021\/11\/\u0428\u0435\u0441\u0442\u0438\u0433\u0440\u0430\u043d\u043d\u0430\u044f-\u0431\u0435\u0441\u0435\u0434\u043a\u0430-\u0424-3\u043c-\u041d\u0430-10-\u0447\u0435\u043b-1.jpg","contentUrl":"https:\/\/woodshop.md\/ro\/wp-content\/uploads\/2021\/11\/\u0428\u0435\u0441\u0442\u0438\u0433\u0440\u0430\u043d\u043d\u0430\u044f-\u0431\u0435\u0441\u0435\u0434\u043a\u0430-\u0424-3\u043c-\u041d\u0430-10-\u0447\u0435\u043b-1.jpg","width":1614,"height":1614},{"@type":"WebPage","@id":"https:\/\/woodshop.md\/ro\/product\/%d1%88%d0%b5%d1%81%d1%82%d0%b8%d0%b3%d1%80%d0%b0%d0%bd%d0%bd%d0%b0%d1%8f-%d0%b1%d0%b5%d1%81%d0%b5%d0%b4%d0%ba%d0%b0-%d1%84-3%d0%bc-%d0%bd%d0%b0-10-%d1%87%d0%b5%d0%bb%d0%be%d0%b2%d0%b5%d0%ba\/#webpage","url":"https:\/\/woodshop.md\/ro\/product\/%d1%88%d0%b5%d1%81%d1%82%d0%b8%d0%b3%d1%80%d0%b0%d0%bd%d0%bd%d0%b0%d1%8f-%d0%b1%d0%b5%d1%81%d0%b5%d0%b4%d0%ba%d0%b0-%d1%84-3%d0%bc-%d0%bd%d0%b0-10-%d1%87%d0%b5%d0%bb%d0%be%d0%b2%d0%b5%d0%ba\/","name":"Foi\u0219or \u21168 la comanda de la - Wood Shop","isPartOf":{"@id":"https:\/\/woodshop.md\/ro\/#website"},"primaryImageOfPage":{"@id":"https:\/\/woodshop.md\/ro\/product\/%d1%88%d0%b5%d1%81%d1%82%d0%b8%d0%b3%d1%80%d0%b0%d0%bd%d0%bd%d0%b0%d1%8f-%d0%b1%d0%b5%d1%81%d0%b5%d0%b4%d0%ba%d0%b0-%d1%84-3%d0%bc-%d0%bd%d0%b0-10-%d1%87%d0%b5%d0%bb%d0%be%d0%b2%d0%b5%d0%ba\/#primaryimage"},"datePublished":"2021-11-13T14:18:02+00:00","dateModified":"2021-12-23T11:09:46+00:00","breadcrumb":{"@id":"https:\/\/woodshop.md\/ro\/product\/%d1%88%d0%b5%d1%81%d1%82%d0%b8%d0%b3%d1%80%d0%b0%d0%bd%d0%bd%d0%b0%d1%8f-%d0%b1%d0%b5%d1%81%d0%b5%d0%b4%d0%ba%d0%b0-%d1%84-3%d0%bc-%d0%bd%d0%b0-10-%d1%87%d0%b5%d0%bb%d0%be%d0%b2%d0%b5%d0%ba\/#breadcrumb"},"inLanguage":"ro-RO","potentialAction":[{"@type":"ReadAction","target":["https:\/\/woodshop.md\/ro\/product\/%d1%88%d0%b5%d1%81%d1%82%d0%b8%d0%b3%d1%80%d0%b0%d0%bd%d0%bd%d0%b0%d1%8f-%d0%b1%d0%b5%d1%81%d0%b5%d0%b4%d0%ba%d0%b0-%d1%84-3%d0%bc-%d0%bd%d0%b0-10-%d1%87%d0%b5%d0%bb%d0%be%d0%b2%d0%b5%d0%ba\/"]}]},{"@type":"BreadcrumbList","@id":"https:\/\/woodshop.md\/ro\/product\/%d1%88%d0%b5%d1%81%d1%82%d0%b8%d0%b3%d1%80%d0%b0%d0%bd%d0%bd%d0%b0%d1%8f-%d0%b1%d0%b5%d1%81%d0%b5%d0%b4%d0%ba%d0%b0-%d1%84-3%d0%bc-%d0%bd%d0%b0-10-%d1%87%d0%b5%d0%bb%d0%be%d0%b2%d0%b5%d0%ba\/#breadcrumb","itemListElement":[{"@type":"ListItem","position":1,"name":"\u0413\u043b\u0430\u0432\u043d\u0430\u044f \u0441\u0442\u0440\u0430\u043d\u0438\u0446\u0430","item":"https:\/\/woodshop.md\/ro\/"},{"@type":"ListItem","position":2,"name":"Magazin","item":"https:\/\/woodshop.md\/ro\/shop\/"},{"@type":"ListItem","position":3,"name":"Foi\u0219or \u21168 la comanda de la"}]}]}},"_links":{"self":[{"href":"https:\/\/woodshop.md\/ro\/wp-json\/wp\/v2\/product\/12286","targetHints":{"allow":["GET"]}}],"collection":[{"href":"https:\/\/woodshop.md\/ro\/wp-json\/wp\/v2\/product"}],"about":[{"href":"https:\/\/woodshop.md\/ro\/wp-json\/wp\/v2\/types\/product"}],"version-history":[{"count":4,"href":"https:\/\/woodshop.md\/ro\/wp-json\/wp\/v2\/product\/12286\/revisions"}],"predecessor-version":[{"id":13556,"href":"https:\/\/woodshop.md\/ro\/wp-json\/wp\/v2\/product\/12286\/revisions\/13556"}],"wp:featuredmedia":[{"embeddable":true,"href":"https:\/\/woodshop.md\/ro\/wp-json\/wp\/v2\/media\/12701"}],"wp:attachment":[{"href":"https:\/\/woodshop.md\/ro\/wp-json\/wp\/v2\/media?parent=12286"}],"wp:term":[{"taxonomy":"product_cat","embeddable":true,"href":"https:\/\/woodshop.md\/ro\/wp-json\/wp\/v2\/product_cat?post=12286"},{"taxonomy":"product_tag","embeddable":true,"href":"https:\/\/woodshop.md\/ro\/wp-json\/wp\/v2\/product_tag?post=12286"}],"curies":[{"name":"wp","href":"https:\/\/api.w.org\/{rel}","templated":true}]}}