{"id":12602,"date":"2021-11-17T17:54:51","date_gmt":"2021-11-17T17:54:51","guid":{"rendered":"https:\/\/woodshop.md\/ro\/?post_type=product&#038;p=12602"},"modified":"2021-12-27T07:14:59","modified_gmt":"2021-12-27T07:14:59","slug":"%d0%ba%d0%be%d0%bc%d0%bf%d0%bb%d0%b5%d0%ba%d1%82-%d0%bc%d0%b5%d0%b1%d0%b5%d0%bb%d0%b8-%d0%b8%d0%b7-%d0%b4%d1%83%d0%b1%d0%b0","status":"publish","type":"product","link":"https:\/\/woodshop.md\/ro\/product\/%d0%ba%d0%be%d0%bc%d0%bf%d0%bb%d0%b5%d0%ba%d1%82-%d0%bc%d0%b5%d0%b1%d0%b5%d0%bb%d0%b8-%d0%b8%d0%b7-%d0%b4%d1%83%d0%b1%d0%b0\/","title":{"rendered":"Set mobilier de terasa de la"},"content":{"rendered":"<ol>\n<li><strong>Masa 2800\u0445900\u0445750 <\/strong><\/li>\n<li><strong>Fotoliu 600\u0445600\u0445950 <\/strong><\/li>\n<li><strong>Banca 2800\u0445600\u0445950<\/strong><\/li>\n<\/ol>\n<p>Setul este fabricat din stejar masiv.<\/p>\n<p>Masa cu banci sau fotolii.<\/p>\n<p>La comanda, exist\u0103 posibilitatea de a face orice dimensiune, din alte specii de lemn, precum \u0219i vopsirea \u00een orice culoare cu lac de \u00eenalt\u0103 calitate, sau vopsea pe baz\u0103 de ap\u0103 cu aditiv de cauciuc, care confer\u0103 elasticitate \u0219i durabilitate stratului \u0219i produsului.<\/p>\n","protected":false},"excerpt":{"rendered":"<ol>\n<li><strong>Masa 2800\u0445900\u0445750 <\/strong><\/li>\n<li><strong>Fotoliu 600\u0445600\u0445950 <\/strong><\/li>\n<li><strong>Banca 2800\u0445600\u0445950<\/strong><\/li>\n<\/ol>\n<p>Setul este fabricat din stejar masiv.<\/p>\n<p>Masa cu banci sau fotolii.<\/p>\n<p>La comanda, exist\u0103 posibilitatea de a face orice dimensiune, din alte specii de lemn, precum \u0219i vopsirea \u00een orice culoare cu lac de \u00eenalt\u0103 calitate, sau vopsea pe baz\u0103 de ap\u0103 cu aditiv de cauciuc, care confer\u0103 elasticitate \u0219i durabilitate stratului \u0219i produsului.<\/p>\n","protected":false},"featured_media":12603,"template":"","meta":[],"product_cat":[72,137],"product_tag":[],"class_list":["post-12602","product","type-product","status-publish","has-post-thumbnail","hentry","product_cat-mobilier-de-gradina","product_cat-mobila-mobilier-de-gradin"],"yoast_head":"<!-- This site is optimized with the Yoast SEO plugin v17.8 - https:\/\/yoast.com\/wordpress\/plugins\/seo\/ -->\n<title>Set mobilier de terasa de la - Wood Shop<\/title>\n<meta name=\"robots\" content=\"index, follow, max-snippet:-1, max-image-preview:large, max-video-preview:-1\" \/>\n<link rel=\"canonical\" href=\"https:\/\/woodshop.md\/ro\/product\/\u043a\u043e\u043c\u043f\u043b\u0435\u043a\u0442-\u043c\u0435\u0431\u0435\u043b\u0438-\u0438\u0437-\u0434\u0443\u0431\u0430\/\" \/>\n<meta property=\"og:locale\" content=\"ro_RO\" \/>\n<meta property=\"og:type\" content=\"article\" \/>\n<meta property=\"og:title\" content=\"Set mobilier de terasa de la - Wood Shop\" \/>\n<meta property=\"og:description\" content=\"Masa 2800\u0445900\u0445750   Fotoliu 600\u0445600\u0445950   Banca 2800\u0445600\u0445950  Setul este fabricat din stejar masiv.  Masa cu banci sau fotolii.  La comanda, exist\u0103 posibilitatea de a face orice dimensiune, din alte specii de lemn, precum \u0219i vopsirea \u00een orice culoare cu lac de \u00eenalt\u0103 calitate, sau vopsea pe baz\u0103 de ap\u0103 cu aditiv de cauciuc, care confer\u0103 elasticitate \u0219i durabilitate stratului \u0219i produsului.\" \/>\n<meta property=\"og:url\" content=\"https:\/\/woodshop.md\/ro\/product\/\u043a\u043e\u043c\u043f\u043b\u0435\u043a\u0442-\u043c\u0435\u0431\u0435\u043b\u0438-\u0438\u0437-\u0434\u0443\u0431\u0430\/\" \/>\n<meta property=\"og:site_name\" content=\"Wood Shop\" \/>\n<meta property=\"article:modified_time\" content=\"2021-12-27T07:14:59+00:00\" \/>\n<meta property=\"og:image\" content=\"https:\/\/woodshop.md\/ro\/wp-content\/uploads\/2021\/11\/\u041a\u041e\u041c\u041f\u041b\u0415\u041a\u0422-\u041c\u0415\u0411\u0415\u041b\u0418-\u0418\u0417-\u0414\u0423\u0411\u0410.jpg\" \/>\n\t<meta property=\"og:image:width\" content=\"1318\" \/>\n\t<meta property=\"og:image:height\" content=\"1318\" \/>\n<meta name=\"twitter:card\" content=\"summary_large_image\" \/>\n<meta name=\"twitter:label1\" content=\"Timp estimat pentru citire\" \/>\n\t<meta name=\"twitter:data1\" content=\"1 minut\" \/>\n<script type=\"application\/ld+json\" class=\"yoast-schema-graph\">{\"@context\":\"https:\/\/schema.org\",\"@graph\":[{\"@type\":\"Organization\",\"@id\":\"https:\/\/woodshop.md\/ro\/#organization\",\"name\":\"WoodShop.md\",\"url\":\"https:\/\/woodshop.md\/ro\/\",\"sameAs\":[],\"logo\":{\"@type\":\"ImageObject\",\"@id\":\"https:\/\/woodshop.md\/ro\/#logo\",\"inLanguage\":\"ro-RO\",\"url\":\"https:\/\/woodshop.md\/ro\/wp-content\/uploads\/2021\/12\/0-02-05-9c0bf8921b1505d6b39b4cb0ef26bf41bc954d0bb150652886d6d895d184c68a_e4fa3341ee6bf8d9.jpg\",\"contentUrl\":\"https:\/\/woodshop.md\/ro\/wp-content\/uploads\/2021\/12\/0-02-05-9c0bf8921b1505d6b39b4cb0ef26bf41bc954d0bb150652886d6d895d184c68a_e4fa3341ee6bf8d9.jpg\",\"width\":464,\"height\":434,\"caption\":\"WoodShop.md\"},\"image\":{\"@id\":\"https:\/\/woodshop.md\/ro\/#logo\"}},{\"@type\":\"WebSite\",\"@id\":\"https:\/\/woodshop.md\/ro\/#website\",\"url\":\"https:\/\/woodshop.md\/ro\/\",\"name\":\"Wood Shop\",\"description\":\"Produse din lemn pe stoc si la comanda\",\"publisher\":{\"@id\":\"https:\/\/woodshop.md\/ro\/#organization\"},\"potentialAction\":[{\"@type\":\"SearchAction\",\"target\":{\"@type\":\"EntryPoint\",\"urlTemplate\":\"https:\/\/woodshop.md\/ro\/?s={search_term_string}\"},\"query-input\":\"required name=search_term_string\"}],\"inLanguage\":\"ro-RO\"},{\"@type\":\"ImageObject\",\"@id\":\"https:\/\/woodshop.md\/ro\/product\/%d0%ba%d0%be%d0%bc%d0%bf%d0%bb%d0%b5%d0%ba%d1%82-%d0%bc%d0%b5%d0%b1%d0%b5%d0%bb%d0%b8-%d0%b8%d0%b7-%d0%b4%d1%83%d0%b1%d0%b0\/#primaryimage\",\"inLanguage\":\"ro-RO\",\"url\":\"https:\/\/woodshop.md\/ro\/wp-content\/uploads\/2021\/11\/\\u041a\\u041e\\u041c\\u041f\\u041b\\u0415\\u041a\\u0422-\\u041c\\u0415\\u0411\\u0415\\u041b\\u0418-\\u0418\\u0417-\\u0414\\u0423\\u0411\\u0410.jpg\",\"contentUrl\":\"https:\/\/woodshop.md\/ro\/wp-content\/uploads\/2021\/11\/\\u041a\\u041e\\u041c\\u041f\\u041b\\u0415\\u041a\\u0422-\\u041c\\u0415\\u0411\\u0415\\u041b\\u0418-\\u0418\\u0417-\\u0414\\u0423\\u0411\\u0410.jpg\",\"width\":1318,\"height\":1318},{\"@type\":\"WebPage\",\"@id\":\"https:\/\/woodshop.md\/ro\/product\/%d0%ba%d0%be%d0%bc%d0%bf%d0%bb%d0%b5%d0%ba%d1%82-%d0%bc%d0%b5%d0%b1%d0%b5%d0%bb%d0%b8-%d0%b8%d0%b7-%d0%b4%d1%83%d0%b1%d0%b0\/#webpage\",\"url\":\"https:\/\/woodshop.md\/ro\/product\/%d0%ba%d0%be%d0%bc%d0%bf%d0%bb%d0%b5%d0%ba%d1%82-%d0%bc%d0%b5%d0%b1%d0%b5%d0%bb%d0%b8-%d0%b8%d0%b7-%d0%b4%d1%83%d0%b1%d0%b0\/\",\"name\":\"Set mobilier de terasa de la - Wood Shop\",\"isPartOf\":{\"@id\":\"https:\/\/woodshop.md\/ro\/#website\"},\"primaryImageOfPage\":{\"@id\":\"https:\/\/woodshop.md\/ro\/product\/%d0%ba%d0%be%d0%bc%d0%bf%d0%bb%d0%b5%d0%ba%d1%82-%d0%bc%d0%b5%d0%b1%d0%b5%d0%bb%d0%b8-%d0%b8%d0%b7-%d0%b4%d1%83%d0%b1%d0%b0\/#primaryimage\"},\"datePublished\":\"2021-11-17T17:54:51+00:00\",\"dateModified\":\"2021-12-27T07:14:59+00:00\",\"breadcrumb\":{\"@id\":\"https:\/\/woodshop.md\/ro\/product\/%d0%ba%d0%be%d0%bc%d0%bf%d0%bb%d0%b5%d0%ba%d1%82-%d0%bc%d0%b5%d0%b1%d0%b5%d0%bb%d0%b8-%d0%b8%d0%b7-%d0%b4%d1%83%d0%b1%d0%b0\/#breadcrumb\"},\"inLanguage\":\"ro-RO\",\"potentialAction\":[{\"@type\":\"ReadAction\",\"target\":[\"https:\/\/woodshop.md\/ro\/product\/%d0%ba%d0%be%d0%bc%d0%bf%d0%bb%d0%b5%d0%ba%d1%82-%d0%bc%d0%b5%d0%b1%d0%b5%d0%bb%d0%b8-%d0%b8%d0%b7-%d0%b4%d1%83%d0%b1%d0%b0\/\"]}]},{\"@type\":\"BreadcrumbList\",\"@id\":\"https:\/\/woodshop.md\/ro\/product\/%d0%ba%d0%be%d0%bc%d0%bf%d0%bb%d0%b5%d0%ba%d1%82-%d0%bc%d0%b5%d0%b1%d0%b5%d0%bb%d0%b8-%d0%b8%d0%b7-%d0%b4%d1%83%d0%b1%d0%b0\/#breadcrumb\",\"itemListElement\":[{\"@type\":\"ListItem\",\"position\":1,\"name\":\"\\u0413\\u043b\\u0430\\u0432\\u043d\\u0430\\u044f \\u0441\\u0442\\u0440\\u0430\\u043d\\u0438\\u0446\\u0430\",\"item\":\"https:\/\/woodshop.md\/ro\/\"},{\"@type\":\"ListItem\",\"position\":2,\"name\":\"Magazin\",\"item\":\"https:\/\/woodshop.md\/ro\/shop\/\"},{\"@type\":\"ListItem\",\"position\":3,\"name\":\"Set mobilier de terasa de la\"}]}]}<\/script>\n<!-- \/ Yoast SEO plugin. -->","yoast_head_json":{"title":"Set mobilier de terasa de la - Wood Shop","robots":{"index":"index","follow":"follow","max-snippet":"max-snippet:-1","max-image-preview":"max-image-preview:large","max-video-preview":"max-video-preview:-1"},"canonical":"https:\/\/woodshop.md\/ro\/product\/\u043a\u043e\u043c\u043f\u043b\u0435\u043a\u0442-\u043c\u0435\u0431\u0435\u043b\u0438-\u0438\u0437-\u0434\u0443\u0431\u0430\/","og_locale":"ro_RO","og_type":"article","og_title":"Set mobilier de terasa de la - Wood Shop","og_description":"Masa 2800\u0445900\u0445750   Fotoliu 600\u0445600\u0445950   Banca 2800\u0445600\u0445950  Setul este fabricat din stejar masiv.  Masa cu banci sau fotolii.  La comanda, exist\u0103 posibilitatea de a face orice dimensiune, din alte specii de lemn, precum \u0219i vopsirea \u00een orice culoare cu lac de \u00eenalt\u0103 calitate, sau vopsea pe baz\u0103 de ap\u0103 cu aditiv de cauciuc, care confer\u0103 elasticitate \u0219i durabilitate stratului \u0219i produsului.","og_url":"https:\/\/woodshop.md\/ro\/product\/\u043a\u043e\u043c\u043f\u043b\u0435\u043a\u0442-\u043c\u0435\u0431\u0435\u043b\u0438-\u0438\u0437-\u0434\u0443\u0431\u0430\/","og_site_name":"Wood Shop","article_modified_time":"2021-12-27T07:14:59+00:00","og_image":[{"width":1318,"height":1318,"url":"https:\/\/woodshop.md\/ro\/wp-content\/uploads\/2021\/11\/\u041a\u041e\u041c\u041f\u041b\u0415\u041a\u0422-\u041c\u0415\u0411\u0415\u041b\u0418-\u0418\u0417-\u0414\u0423\u0411\u0410.jpg","type":"image\/jpeg"}],"twitter_card":"summary_large_image","twitter_misc":{"Timp estimat pentru citire":"1 minut"},"schema":{"@context":"https:\/\/schema.org","@graph":[{"@type":"Organization","@id":"https:\/\/woodshop.md\/ro\/#organization","name":"WoodShop.md","url":"https:\/\/woodshop.md\/ro\/","sameAs":[],"logo":{"@type":"ImageObject","@id":"https:\/\/woodshop.md\/ro\/#logo","inLanguage":"ro-RO","url":"https:\/\/woodshop.md\/ro\/wp-content\/uploads\/2021\/12\/0-02-05-9c0bf8921b1505d6b39b4cb0ef26bf41bc954d0bb150652886d6d895d184c68a_e4fa3341ee6bf8d9.jpg","contentUrl":"https:\/\/woodshop.md\/ro\/wp-content\/uploads\/2021\/12\/0-02-05-9c0bf8921b1505d6b39b4cb0ef26bf41bc954d0bb150652886d6d895d184c68a_e4fa3341ee6bf8d9.jpg","width":464,"height":434,"caption":"WoodShop.md"},"image":{"@id":"https:\/\/woodshop.md\/ro\/#logo"}},{"@type":"WebSite","@id":"https:\/\/woodshop.md\/ro\/#website","url":"https:\/\/woodshop.md\/ro\/","name":"Wood Shop","description":"Produse din lemn pe stoc si la comanda","publisher":{"@id":"https:\/\/woodshop.md\/ro\/#organization"},"potentialAction":[{"@type":"SearchAction","target":{"@type":"EntryPoint","urlTemplate":"https:\/\/woodshop.md\/ro\/?s={search_term_string}"},"query-input":"required name=search_term_string"}],"inLanguage":"ro-RO"},{"@type":"ImageObject","@id":"https:\/\/woodshop.md\/ro\/product\/%d0%ba%d0%be%d0%bc%d0%bf%d0%bb%d0%b5%d0%ba%d1%82-%d0%bc%d0%b5%d0%b1%d0%b5%d0%bb%d0%b8-%d0%b8%d0%b7-%d0%b4%d1%83%d0%b1%d0%b0\/#primaryimage","inLanguage":"ro-RO","url":"https:\/\/woodshop.md\/ro\/wp-content\/uploads\/2021\/11\/\u041a\u041e\u041c\u041f\u041b\u0415\u041a\u0422-\u041c\u0415\u0411\u0415\u041b\u0418-\u0418\u0417-\u0414\u0423\u0411\u0410.jpg","contentUrl":"https:\/\/woodshop.md\/ro\/wp-content\/uploads\/2021\/11\/\u041a\u041e\u041c\u041f\u041b\u0415\u041a\u0422-\u041c\u0415\u0411\u0415\u041b\u0418-\u0418\u0417-\u0414\u0423\u0411\u0410.jpg","width":1318,"height":1318},{"@type":"WebPage","@id":"https:\/\/woodshop.md\/ro\/product\/%d0%ba%d0%be%d0%bc%d0%bf%d0%bb%d0%b5%d0%ba%d1%82-%d0%bc%d0%b5%d0%b1%d0%b5%d0%bb%d0%b8-%d0%b8%d0%b7-%d0%b4%d1%83%d0%b1%d0%b0\/#webpage","url":"https:\/\/woodshop.md\/ro\/product\/%d0%ba%d0%be%d0%bc%d0%bf%d0%bb%d0%b5%d0%ba%d1%82-%d0%bc%d0%b5%d0%b1%d0%b5%d0%bb%d0%b8-%d0%b8%d0%b7-%d0%b4%d1%83%d0%b1%d0%b0\/","name":"Set mobilier de terasa de la - Wood Shop","isPartOf":{"@id":"https:\/\/woodshop.md\/ro\/#website"},"primaryImageOfPage":{"@id":"https:\/\/woodshop.md\/ro\/product\/%d0%ba%d0%be%d0%bc%d0%bf%d0%bb%d0%b5%d0%ba%d1%82-%d0%bc%d0%b5%d0%b1%d0%b5%d0%bb%d0%b8-%d0%b8%d0%b7-%d0%b4%d1%83%d0%b1%d0%b0\/#primaryimage"},"datePublished":"2021-11-17T17:54:51+00:00","dateModified":"2021-12-27T07:14:59+00:00","breadcrumb":{"@id":"https:\/\/woodshop.md\/ro\/product\/%d0%ba%d0%be%d0%bc%d0%bf%d0%bb%d0%b5%d0%ba%d1%82-%d0%bc%d0%b5%d0%b1%d0%b5%d0%bb%d0%b8-%d0%b8%d0%b7-%d0%b4%d1%83%d0%b1%d0%b0\/#breadcrumb"},"inLanguage":"ro-RO","potentialAction":[{"@type":"ReadAction","target":["https:\/\/woodshop.md\/ro\/product\/%d0%ba%d0%be%d0%bc%d0%bf%d0%bb%d0%b5%d0%ba%d1%82-%d0%bc%d0%b5%d0%b1%d0%b5%d0%bb%d0%b8-%d0%b8%d0%b7-%d0%b4%d1%83%d0%b1%d0%b0\/"]}]},{"@type":"BreadcrumbList","@id":"https:\/\/woodshop.md\/ro\/product\/%d0%ba%d0%be%d0%bc%d0%bf%d0%bb%d0%b5%d0%ba%d1%82-%d0%bc%d0%b5%d0%b1%d0%b5%d0%bb%d0%b8-%d0%b8%d0%b7-%d0%b4%d1%83%d0%b1%d0%b0\/#breadcrumb","itemListElement":[{"@type":"ListItem","position":1,"name":"\u0413\u043b\u0430\u0432\u043d\u0430\u044f \u0441\u0442\u0440\u0430\u043d\u0438\u0446\u0430","item":"https:\/\/woodshop.md\/ro\/"},{"@type":"ListItem","position":2,"name":"Magazin","item":"https:\/\/woodshop.md\/ro\/shop\/"},{"@type":"ListItem","position":3,"name":"Set mobilier de terasa de la"}]}]}},"_links":{"self":[{"href":"https:\/\/woodshop.md\/ro\/wp-json\/wp\/v2\/product\/12602","targetHints":{"allow":["GET"]}}],"collection":[{"href":"https:\/\/woodshop.md\/ro\/wp-json\/wp\/v2\/product"}],"about":[{"href":"https:\/\/woodshop.md\/ro\/wp-json\/wp\/v2\/types\/product"}],"version-history":[{"count":5,"href":"https:\/\/woodshop.md\/ro\/wp-json\/wp\/v2\/product\/12602\/revisions"}],"predecessor-version":[{"id":13688,"href":"https:\/\/woodshop.md\/ro\/wp-json\/wp\/v2\/product\/12602\/revisions\/13688"}],"wp:featuredmedia":[{"embeddable":true,"href":"https:\/\/woodshop.md\/ro\/wp-json\/wp\/v2\/media\/12603"}],"wp:attachment":[{"href":"https:\/\/woodshop.md\/ro\/wp-json\/wp\/v2\/media?parent=12602"}],"wp:term":[{"taxonomy":"product_cat","embeddable":true,"href":"https:\/\/woodshop.md\/ro\/wp-json\/wp\/v2\/product_cat?post=12602"},{"taxonomy":"product_tag","embeddable":true,"href":"https:\/\/woodshop.md\/ro\/wp-json\/wp\/v2\/product_tag?post=12602"}],"curies":[{"name":"wp","href":"https:\/\/api.w.org\/{rel}","templated":true}]}}