{"id":12970,"date":"2021-11-24T13:18:19","date_gmt":"2021-11-24T13:18:19","guid":{"rendered":"https:\/\/woodshop.md\/ro\/?post_type=product&#038;p=12970"},"modified":"2021-12-23T11:55:07","modified_gmt":"2021-12-23T11:55:07","slug":"%d0%b1%d0%b5%d1%81%d0%b5%d0%b4%d0%ba%d0%b0-%e2%84%9621-%d0%bf%d0%be%d0%b4-%d0%b7%d0%b0%d0%ba%d0%b0%d0%b7","status":"publish","type":"product","link":"https:\/\/woodshop.md\/ro\/product\/%d0%b1%d0%b5%d1%81%d0%b5%d0%b4%d0%ba%d0%b0-%e2%84%9621-%d0%bf%d0%be%d0%b4-%d0%b7%d0%b0%d0%ba%d0%b0%d0%b7\/","title":{"rendered":"Foi\u0219or \u211621 la comanda"},"content":{"rendered":"<p>Foi\u0219oare sunt fabricate din pin uscat \u00een func\u021bie de dimensiunea \u0219i preferin\u021bele dumneavoastr\u0103.<\/p>\n<p>Rafturi \u0219i maurlat din cherestea stratificata 100&#215;100.<\/p>\n<p>Lambriu pentru acoperi\u0219 18mm + acoperi\u0219 moale \u0219i profil lacrimar.<\/p>\n<p>Pardoseala din placa de terasa de 40 mm.<\/p>\n<p>Vopsire \u00een orice culoare cu lac de \u00eenalt\u0103 calitate ,sau vopsea pe baz\u0103 de ap\u0103 cu aditiv de cauciuc, care confer\u0103 elasticitate \u0219i durabilitate stratului \u0219i produsului.<\/p>\n","protected":false},"excerpt":{"rendered":"<p>Foi\u0219oare sunt fabricate din pin uscat \u00een func\u021bie de dimensiunea \u0219i preferin\u021bele dumneavoastr\u0103.<\/p>\n<p>Rafturi \u0219i maurlat din cherestea stratificata 100&#215;100.<\/p>\n<p>Lambriu pentru acoperi\u0219 18mm + acoperi\u0219 moale \u0219i profil lacrimar.<\/p>\n<p>Pardoseala din placa de terasa de 40 mm.<\/p>\n<p>Vopsire \u00een orice culoare cu lac de \u00eenalt\u0103 calitate ,sau vopsea pe baz\u0103 de ap\u0103 cu aditiv de cauciuc, care confer\u0103 elasticitate \u0219i durabilitate stratului \u0219i produsului.<\/p>\n","protected":false},"featured_media":12971,"template":"","meta":[],"product_cat":[68,81],"product_tag":[],"class_list":["post-12970","product","type-product","status-publish","has-post-thumbnail","hentry","product_cat-foisoare","product_cat-foisoare-foisoare"],"yoast_head":"<!-- This site is optimized with the Yoast SEO plugin v17.8 - https:\/\/yoast.com\/wordpress\/plugins\/seo\/ -->\n<title>Foi\u0219or \u211621 la comanda - Wood Shop<\/title>\n<meta name=\"robots\" content=\"index, follow, max-snippet:-1, max-image-preview:large, max-video-preview:-1\" \/>\n<link rel=\"canonical\" href=\"https:\/\/woodshop.md\/ro\/product\/\u0431\u0435\u0441\u0435\u0434\u043a\u0430-\u211621-\u043f\u043e\u0434-\u0437\u0430\u043a\u0430\u0437\/\" \/>\n<meta property=\"og:locale\" content=\"ro_RO\" \/>\n<meta property=\"og:type\" content=\"article\" \/>\n<meta property=\"og:title\" content=\"Foi\u0219or \u211621 la comanda - Wood Shop\" \/>\n<meta property=\"og:description\" content=\"Foi\u0219oare sunt fabricate din pin uscat \u00een func\u021bie de dimensiunea \u0219i preferin\u021bele dumneavoastr\u0103.  Rafturi \u0219i maurlat din cherestea stratificata 100x100.  Lambriu pentru acoperi\u0219 18mm + acoperi\u0219 moale \u0219i profil lacrimar.  Pardoseala din placa de terasa de 40 mm.  Vopsire \u00een orice culoare cu lac de \u00eenalt\u0103 calitate ,sau vopsea pe baz\u0103 de ap\u0103 cu aditiv de cauciuc, care confer\u0103 elasticitate \u0219i durabilitate stratului \u0219i produsului.\" \/>\n<meta property=\"og:url\" content=\"https:\/\/woodshop.md\/ro\/product\/\u0431\u0435\u0441\u0435\u0434\u043a\u0430-\u211621-\u043f\u043e\u0434-\u0437\u0430\u043a\u0430\u0437\/\" \/>\n<meta property=\"og:site_name\" content=\"Wood Shop\" \/>\n<meta property=\"article:modified_time\" content=\"2021-12-23T11:55:07+00:00\" \/>\n<meta property=\"og:image\" content=\"https:\/\/woodshop.md\/ro\/wp-content\/uploads\/2021\/11\/\u04111-6.jpg\" \/>\n\t<meta property=\"og:image:width\" content=\"1000\" \/>\n\t<meta property=\"og:image:height\" content=\"1000\" \/>\n<meta name=\"twitter:card\" content=\"summary_large_image\" \/>\n<meta name=\"twitter:label1\" content=\"Timp estimat pentru citire\" \/>\n\t<meta name=\"twitter:data1\" content=\"1 minut\" \/>\n<script type=\"application\/ld+json\" class=\"yoast-schema-graph\">{\"@context\":\"https:\/\/schema.org\",\"@graph\":[{\"@type\":\"Organization\",\"@id\":\"https:\/\/woodshop.md\/ro\/#organization\",\"name\":\"WoodShop.md\",\"url\":\"https:\/\/woodshop.md\/ro\/\",\"sameAs\":[],\"logo\":{\"@type\":\"ImageObject\",\"@id\":\"https:\/\/woodshop.md\/ro\/#logo\",\"inLanguage\":\"ro-RO\",\"url\":\"https:\/\/woodshop.md\/ro\/wp-content\/uploads\/2021\/12\/0-02-05-9c0bf8921b1505d6b39b4cb0ef26bf41bc954d0bb150652886d6d895d184c68a_e4fa3341ee6bf8d9.jpg\",\"contentUrl\":\"https:\/\/woodshop.md\/ro\/wp-content\/uploads\/2021\/12\/0-02-05-9c0bf8921b1505d6b39b4cb0ef26bf41bc954d0bb150652886d6d895d184c68a_e4fa3341ee6bf8d9.jpg\",\"width\":464,\"height\":434,\"caption\":\"WoodShop.md\"},\"image\":{\"@id\":\"https:\/\/woodshop.md\/ro\/#logo\"}},{\"@type\":\"WebSite\",\"@id\":\"https:\/\/woodshop.md\/ro\/#website\",\"url\":\"https:\/\/woodshop.md\/ro\/\",\"name\":\"Wood Shop\",\"description\":\"Produse din lemn pe stoc si la comanda\",\"publisher\":{\"@id\":\"https:\/\/woodshop.md\/ro\/#organization\"},\"potentialAction\":[{\"@type\":\"SearchAction\",\"target\":{\"@type\":\"EntryPoint\",\"urlTemplate\":\"https:\/\/woodshop.md\/ro\/?s={search_term_string}\"},\"query-input\":\"required name=search_term_string\"}],\"inLanguage\":\"ro-RO\"},{\"@type\":\"ImageObject\",\"@id\":\"https:\/\/woodshop.md\/ro\/product\/%d0%b1%d0%b5%d1%81%d0%b5%d0%b4%d0%ba%d0%b0-%e2%84%9621-%d0%bf%d0%be%d0%b4-%d0%b7%d0%b0%d0%ba%d0%b0%d0%b7\/#primaryimage\",\"inLanguage\":\"ro-RO\",\"url\":\"https:\/\/woodshop.md\/ro\/wp-content\/uploads\/2021\/11\/\\u04111-6.jpg\",\"contentUrl\":\"https:\/\/woodshop.md\/ro\/wp-content\/uploads\/2021\/11\/\\u04111-6.jpg\",\"width\":1000,\"height\":1000},{\"@type\":\"WebPage\",\"@id\":\"https:\/\/woodshop.md\/ro\/product\/%d0%b1%d0%b5%d1%81%d0%b5%d0%b4%d0%ba%d0%b0-%e2%84%9621-%d0%bf%d0%be%d0%b4-%d0%b7%d0%b0%d0%ba%d0%b0%d0%b7\/#webpage\",\"url\":\"https:\/\/woodshop.md\/ro\/product\/%d0%b1%d0%b5%d1%81%d0%b5%d0%b4%d0%ba%d0%b0-%e2%84%9621-%d0%bf%d0%be%d0%b4-%d0%b7%d0%b0%d0%ba%d0%b0%d0%b7\/\",\"name\":\"Foi\\u0219or \\u211621 la comanda - Wood Shop\",\"isPartOf\":{\"@id\":\"https:\/\/woodshop.md\/ro\/#website\"},\"primaryImageOfPage\":{\"@id\":\"https:\/\/woodshop.md\/ro\/product\/%d0%b1%d0%b5%d1%81%d0%b5%d0%b4%d0%ba%d0%b0-%e2%84%9621-%d0%bf%d0%be%d0%b4-%d0%b7%d0%b0%d0%ba%d0%b0%d0%b7\/#primaryimage\"},\"datePublished\":\"2021-11-24T13:18:19+00:00\",\"dateModified\":\"2021-12-23T11:55:07+00:00\",\"breadcrumb\":{\"@id\":\"https:\/\/woodshop.md\/ro\/product\/%d0%b1%d0%b5%d1%81%d0%b5%d0%b4%d0%ba%d0%b0-%e2%84%9621-%d0%bf%d0%be%d0%b4-%d0%b7%d0%b0%d0%ba%d0%b0%d0%b7\/#breadcrumb\"},\"inLanguage\":\"ro-RO\",\"potentialAction\":[{\"@type\":\"ReadAction\",\"target\":[\"https:\/\/woodshop.md\/ro\/product\/%d0%b1%d0%b5%d1%81%d0%b5%d0%b4%d0%ba%d0%b0-%e2%84%9621-%d0%bf%d0%be%d0%b4-%d0%b7%d0%b0%d0%ba%d0%b0%d0%b7\/\"]}]},{\"@type\":\"BreadcrumbList\",\"@id\":\"https:\/\/woodshop.md\/ro\/product\/%d0%b1%d0%b5%d1%81%d0%b5%d0%b4%d0%ba%d0%b0-%e2%84%9621-%d0%bf%d0%be%d0%b4-%d0%b7%d0%b0%d0%ba%d0%b0%d0%b7\/#breadcrumb\",\"itemListElement\":[{\"@type\":\"ListItem\",\"position\":1,\"name\":\"\\u0413\\u043b\\u0430\\u0432\\u043d\\u0430\\u044f \\u0441\\u0442\\u0440\\u0430\\u043d\\u0438\\u0446\\u0430\",\"item\":\"https:\/\/woodshop.md\/ro\/\"},{\"@type\":\"ListItem\",\"position\":2,\"name\":\"Magazin\",\"item\":\"https:\/\/woodshop.md\/ro\/shop\/\"},{\"@type\":\"ListItem\",\"position\":3,\"name\":\"Foi\\u0219or \\u211621 la comanda\"}]}]}<\/script>\n<!-- \/ Yoast SEO plugin. -->","yoast_head_json":{"title":"Foi\u0219or \u211621 la comanda - Wood Shop","robots":{"index":"index","follow":"follow","max-snippet":"max-snippet:-1","max-image-preview":"max-image-preview:large","max-video-preview":"max-video-preview:-1"},"canonical":"https:\/\/woodshop.md\/ro\/product\/\u0431\u0435\u0441\u0435\u0434\u043a\u0430-\u211621-\u043f\u043e\u0434-\u0437\u0430\u043a\u0430\u0437\/","og_locale":"ro_RO","og_type":"article","og_title":"Foi\u0219or \u211621 la comanda - Wood Shop","og_description":"Foi\u0219oare sunt fabricate din pin uscat \u00een func\u021bie de dimensiunea \u0219i preferin\u021bele dumneavoastr\u0103.  Rafturi \u0219i maurlat din cherestea stratificata 100x100.  Lambriu pentru acoperi\u0219 18mm + acoperi\u0219 moale \u0219i profil lacrimar.  Pardoseala din placa de terasa de 40 mm.  Vopsire \u00een orice culoare cu lac de \u00eenalt\u0103 calitate ,sau vopsea pe baz\u0103 de ap\u0103 cu aditiv de cauciuc, care confer\u0103 elasticitate \u0219i durabilitate stratului \u0219i produsului.","og_url":"https:\/\/woodshop.md\/ro\/product\/\u0431\u0435\u0441\u0435\u0434\u043a\u0430-\u211621-\u043f\u043e\u0434-\u0437\u0430\u043a\u0430\u0437\/","og_site_name":"Wood Shop","article_modified_time":"2021-12-23T11:55:07+00:00","og_image":[{"width":1000,"height":1000,"url":"https:\/\/woodshop.md\/ro\/wp-content\/uploads\/2021\/11\/\u04111-6.jpg","type":"image\/jpeg"}],"twitter_card":"summary_large_image","twitter_misc":{"Timp estimat pentru citire":"1 minut"},"schema":{"@context":"https:\/\/schema.org","@graph":[{"@type":"Organization","@id":"https:\/\/woodshop.md\/ro\/#organization","name":"WoodShop.md","url":"https:\/\/woodshop.md\/ro\/","sameAs":[],"logo":{"@type":"ImageObject","@id":"https:\/\/woodshop.md\/ro\/#logo","inLanguage":"ro-RO","url":"https:\/\/woodshop.md\/ro\/wp-content\/uploads\/2021\/12\/0-02-05-9c0bf8921b1505d6b39b4cb0ef26bf41bc954d0bb150652886d6d895d184c68a_e4fa3341ee6bf8d9.jpg","contentUrl":"https:\/\/woodshop.md\/ro\/wp-content\/uploads\/2021\/12\/0-02-05-9c0bf8921b1505d6b39b4cb0ef26bf41bc954d0bb150652886d6d895d184c68a_e4fa3341ee6bf8d9.jpg","width":464,"height":434,"caption":"WoodShop.md"},"image":{"@id":"https:\/\/woodshop.md\/ro\/#logo"}},{"@type":"WebSite","@id":"https:\/\/woodshop.md\/ro\/#website","url":"https:\/\/woodshop.md\/ro\/","name":"Wood Shop","description":"Produse din lemn pe stoc si la comanda","publisher":{"@id":"https:\/\/woodshop.md\/ro\/#organization"},"potentialAction":[{"@type":"SearchAction","target":{"@type":"EntryPoint","urlTemplate":"https:\/\/woodshop.md\/ro\/?s={search_term_string}"},"query-input":"required name=search_term_string"}],"inLanguage":"ro-RO"},{"@type":"ImageObject","@id":"https:\/\/woodshop.md\/ro\/product\/%d0%b1%d0%b5%d1%81%d0%b5%d0%b4%d0%ba%d0%b0-%e2%84%9621-%d0%bf%d0%be%d0%b4-%d0%b7%d0%b0%d0%ba%d0%b0%d0%b7\/#primaryimage","inLanguage":"ro-RO","url":"https:\/\/woodshop.md\/ro\/wp-content\/uploads\/2021\/11\/\u04111-6.jpg","contentUrl":"https:\/\/woodshop.md\/ro\/wp-content\/uploads\/2021\/11\/\u04111-6.jpg","width":1000,"height":1000},{"@type":"WebPage","@id":"https:\/\/woodshop.md\/ro\/product\/%d0%b1%d0%b5%d1%81%d0%b5%d0%b4%d0%ba%d0%b0-%e2%84%9621-%d0%bf%d0%be%d0%b4-%d0%b7%d0%b0%d0%ba%d0%b0%d0%b7\/#webpage","url":"https:\/\/woodshop.md\/ro\/product\/%d0%b1%d0%b5%d1%81%d0%b5%d0%b4%d0%ba%d0%b0-%e2%84%9621-%d0%bf%d0%be%d0%b4-%d0%b7%d0%b0%d0%ba%d0%b0%d0%b7\/","name":"Foi\u0219or \u211621 la comanda - Wood Shop","isPartOf":{"@id":"https:\/\/woodshop.md\/ro\/#website"},"primaryImageOfPage":{"@id":"https:\/\/woodshop.md\/ro\/product\/%d0%b1%d0%b5%d1%81%d0%b5%d0%b4%d0%ba%d0%b0-%e2%84%9621-%d0%bf%d0%be%d0%b4-%d0%b7%d0%b0%d0%ba%d0%b0%d0%b7\/#primaryimage"},"datePublished":"2021-11-24T13:18:19+00:00","dateModified":"2021-12-23T11:55:07+00:00","breadcrumb":{"@id":"https:\/\/woodshop.md\/ro\/product\/%d0%b1%d0%b5%d1%81%d0%b5%d0%b4%d0%ba%d0%b0-%e2%84%9621-%d0%bf%d0%be%d0%b4-%d0%b7%d0%b0%d0%ba%d0%b0%d0%b7\/#breadcrumb"},"inLanguage":"ro-RO","potentialAction":[{"@type":"ReadAction","target":["https:\/\/woodshop.md\/ro\/product\/%d0%b1%d0%b5%d1%81%d0%b5%d0%b4%d0%ba%d0%b0-%e2%84%9621-%d0%bf%d0%be%d0%b4-%d0%b7%d0%b0%d0%ba%d0%b0%d0%b7\/"]}]},{"@type":"BreadcrumbList","@id":"https:\/\/woodshop.md\/ro\/product\/%d0%b1%d0%b5%d1%81%d0%b5%d0%b4%d0%ba%d0%b0-%e2%84%9621-%d0%bf%d0%be%d0%b4-%d0%b7%d0%b0%d0%ba%d0%b0%d0%b7\/#breadcrumb","itemListElement":[{"@type":"ListItem","position":1,"name":"\u0413\u043b\u0430\u0432\u043d\u0430\u044f \u0441\u0442\u0440\u0430\u043d\u0438\u0446\u0430","item":"https:\/\/woodshop.md\/ro\/"},{"@type":"ListItem","position":2,"name":"Magazin","item":"https:\/\/woodshop.md\/ro\/shop\/"},{"@type":"ListItem","position":3,"name":"Foi\u0219or \u211621 la comanda"}]}]}},"_links":{"self":[{"href":"https:\/\/woodshop.md\/ro\/wp-json\/wp\/v2\/product\/12970","targetHints":{"allow":["GET"]}}],"collection":[{"href":"https:\/\/woodshop.md\/ro\/wp-json\/wp\/v2\/product"}],"about":[{"href":"https:\/\/woodshop.md\/ro\/wp-json\/wp\/v2\/types\/product"}],"version-history":[{"count":3,"href":"https:\/\/woodshop.md\/ro\/wp-json\/wp\/v2\/product\/12970\/revisions"}],"predecessor-version":[{"id":13571,"href":"https:\/\/woodshop.md\/ro\/wp-json\/wp\/v2\/product\/12970\/revisions\/13571"}],"wp:featuredmedia":[{"embeddable":true,"href":"https:\/\/woodshop.md\/ro\/wp-json\/wp\/v2\/media\/12971"}],"wp:attachment":[{"href":"https:\/\/woodshop.md\/ro\/wp-json\/wp\/v2\/media?parent=12970"}],"wp:term":[{"taxonomy":"product_cat","embeddable":true,"href":"https:\/\/woodshop.md\/ro\/wp-json\/wp\/v2\/product_cat?post=12970"},{"taxonomy":"product_tag","embeddable":true,"href":"https:\/\/woodshop.md\/ro\/wp-json\/wp\/v2\/product_tag?post=12970"}],"curies":[{"name":"wp","href":"https:\/\/api.w.org\/{rel}","templated":true}]}}