{"id":12992,"date":"2021-11-24T15:07:22","date_gmt":"2021-11-24T15:07:22","guid":{"rendered":"https:\/\/woodshop.md\/ro\/?post_type=product&#038;p=12992"},"modified":"2021-12-23T15:18:15","modified_gmt":"2021-12-23T15:18:15","slug":"%d0%bf%d0%b5%d1%80%d0%b3%d0%be%d0%bb%d0%b0-%e2%84%96-3-%d0%bf%d0%be%d0%b4-%d0%b7%d0%b0%d0%ba%d0%b0%d0%b7-%d0%be%d1%82","status":"publish","type":"product","link":"https:\/\/woodshop.md\/ro\/product\/%d0%bf%d0%b5%d1%80%d0%b3%d0%be%d0%bb%d0%b0-%e2%84%96-3-%d0%bf%d0%be%d0%b4-%d0%b7%d0%b0%d0%ba%d0%b0%d0%b7-%d0%be%d1%82\/","title":{"rendered":"Pergol\u0103 \u2116 3 la comanda de la"},"content":{"rendered":"<p><strong>Marimea 4000\u04453000<\/strong><\/p>\n<p>Pergola(verand\u0103 ) din pin masiv.<\/p>\n<p>Rafturi \u0219i maurlat din cherestea stratificata 100&#215;100.<\/p>\n<p>Pardoseala din placa de terasa de 40 mm,placa soclu 100&#215;20.<\/p>\n<p>Producem la comanda,orice modificare este posibil\u0103, vopsirea \u00een orice culoare cu lac de \u00eenalt\u0103 calitate, sau vopsea pe baz\u0103 de ap\u0103 cu aditiv de cauciuc, care confer\u0103 elasticitate \u0219i durabilitate stratului \u0219i produsului,precum \u0219i montarea.<\/p>\n","protected":false},"excerpt":{"rendered":"<p><strong>Marimea 4000\u04453000<\/strong><\/p>\n<p>Pergola(verand\u0103 ) din pin masiv.<\/p>\n<p>Rafturi \u0219i maurlat din cherestea stratificata 100&#215;100.<\/p>\n<p>Pardoseala din placa de terasa de 40 mm,placa soclu 100&#215;20.<\/p>\n<p>Producem la comanda,orice modificare este posibil\u0103, vopsirea \u00een orice culoare cu lac de \u00eenalt\u0103 calitate, sau vopsea pe baz\u0103 de ap\u0103 cu aditiv de cauciuc, care confer\u0103 elasticitate \u0219i durabilitate stratului \u0219i produsului,precum \u0219i montarea.<\/p>\n","protected":false},"featured_media":12993,"template":"","meta":[],"product_cat":[68,82],"product_tag":[],"class_list":["post-12992","product","type-product","status-publish","has-post-thumbnail","hentry","product_cat-foisoare","product_cat-pergole"],"yoast_head":"<!-- This site is optimized with the Yoast SEO plugin v17.8 - https:\/\/yoast.com\/wordpress\/plugins\/seo\/ -->\n<title>Pergol\u0103 \u2116 3 la comanda de la - Wood Shop<\/title>\n<meta name=\"robots\" content=\"index, follow, max-snippet:-1, max-image-preview:large, max-video-preview:-1\" \/>\n<link rel=\"canonical\" href=\"https:\/\/woodshop.md\/ro\/product\/\u043f\u0435\u0440\u0433\u043e\u043b\u0430-\u2116-3-\u043f\u043e\u0434-\u0437\u0430\u043a\u0430\u0437-\u043e\u0442\/\" \/>\n<meta property=\"og:locale\" content=\"ro_RO\" \/>\n<meta property=\"og:type\" content=\"article\" \/>\n<meta property=\"og:title\" content=\"Pergol\u0103 \u2116 3 la comanda de la - Wood Shop\" \/>\n<meta property=\"og:description\" content=\"Marimea 4000\u04453000  Pergola(verand\u0103 ) din pin masiv.  Rafturi \u0219i maurlat din cherestea stratificata 100x100.  Pardoseala din placa de terasa de 40 mm,placa soclu 100x20.  Producem la comanda,orice modificare este posibil\u0103, vopsirea \u00een orice culoare cu lac de \u00eenalt\u0103 calitate, sau vopsea pe baz\u0103 de ap\u0103 cu aditiv de cauciuc, care confer\u0103 elasticitate \u0219i durabilitate stratului \u0219i produsului,precum \u0219i montarea.\" \/>\n<meta property=\"og:url\" content=\"https:\/\/woodshop.md\/ro\/product\/\u043f\u0435\u0440\u0433\u043e\u043b\u0430-\u2116-3-\u043f\u043e\u0434-\u0437\u0430\u043a\u0430\u0437-\u043e\u0442\/\" \/>\n<meta property=\"og:site_name\" content=\"Wood Shop\" \/>\n<meta property=\"article:modified_time\" content=\"2021-12-23T15:18:15+00:00\" \/>\n<meta property=\"og:image\" content=\"https:\/\/woodshop.md\/ro\/wp-content\/uploads\/2021\/11\/\u041f\u0415\u0420\u0413\u041e\u041b\u0410-2.jpg\" \/>\n\t<meta property=\"og:image:width\" content=\"1600\" \/>\n\t<meta property=\"og:image:height\" content=\"1200\" \/>\n<meta name=\"twitter:card\" content=\"summary_large_image\" \/>\n<meta name=\"twitter:label1\" content=\"Timp estimat pentru citire\" \/>\n\t<meta name=\"twitter:data1\" content=\"1 minut\" \/>\n<script type=\"application\/ld+json\" class=\"yoast-schema-graph\">{\"@context\":\"https:\/\/schema.org\",\"@graph\":[{\"@type\":\"Organization\",\"@id\":\"https:\/\/woodshop.md\/ro\/#organization\",\"name\":\"WoodShop.md\",\"url\":\"https:\/\/woodshop.md\/ro\/\",\"sameAs\":[],\"logo\":{\"@type\":\"ImageObject\",\"@id\":\"https:\/\/woodshop.md\/ro\/#logo\",\"inLanguage\":\"ro-RO\",\"url\":\"https:\/\/woodshop.md\/ro\/wp-content\/uploads\/2021\/12\/0-02-05-9c0bf8921b1505d6b39b4cb0ef26bf41bc954d0bb150652886d6d895d184c68a_e4fa3341ee6bf8d9.jpg\",\"contentUrl\":\"https:\/\/woodshop.md\/ro\/wp-content\/uploads\/2021\/12\/0-02-05-9c0bf8921b1505d6b39b4cb0ef26bf41bc954d0bb150652886d6d895d184c68a_e4fa3341ee6bf8d9.jpg\",\"width\":464,\"height\":434,\"caption\":\"WoodShop.md\"},\"image\":{\"@id\":\"https:\/\/woodshop.md\/ro\/#logo\"}},{\"@type\":\"WebSite\",\"@id\":\"https:\/\/woodshop.md\/ro\/#website\",\"url\":\"https:\/\/woodshop.md\/ro\/\",\"name\":\"Wood Shop\",\"description\":\"Produse din lemn pe stoc si la comanda\",\"publisher\":{\"@id\":\"https:\/\/woodshop.md\/ro\/#organization\"},\"potentialAction\":[{\"@type\":\"SearchAction\",\"target\":{\"@type\":\"EntryPoint\",\"urlTemplate\":\"https:\/\/woodshop.md\/ro\/?s={search_term_string}\"},\"query-input\":\"required name=search_term_string\"}],\"inLanguage\":\"ro-RO\"},{\"@type\":\"ImageObject\",\"@id\":\"https:\/\/woodshop.md\/ro\/product\/%d0%bf%d0%b5%d1%80%d0%b3%d0%be%d0%bb%d0%b0-%e2%84%96-3-%d0%bf%d0%be%d0%b4-%d0%b7%d0%b0%d0%ba%d0%b0%d0%b7-%d0%be%d1%82\/#primaryimage\",\"inLanguage\":\"ro-RO\",\"url\":\"https:\/\/woodshop.md\/ro\/wp-content\/uploads\/2021\/11\/\\u041f\\u0415\\u0420\\u0413\\u041e\\u041b\\u0410-2.jpg\",\"contentUrl\":\"https:\/\/woodshop.md\/ro\/wp-content\/uploads\/2021\/11\/\\u041f\\u0415\\u0420\\u0413\\u041e\\u041b\\u0410-2.jpg\",\"width\":1600,\"height\":1200},{\"@type\":\"WebPage\",\"@id\":\"https:\/\/woodshop.md\/ro\/product\/%d0%bf%d0%b5%d1%80%d0%b3%d0%be%d0%bb%d0%b0-%e2%84%96-3-%d0%bf%d0%be%d0%b4-%d0%b7%d0%b0%d0%ba%d0%b0%d0%b7-%d0%be%d1%82\/#webpage\",\"url\":\"https:\/\/woodshop.md\/ro\/product\/%d0%bf%d0%b5%d1%80%d0%b3%d0%be%d0%bb%d0%b0-%e2%84%96-3-%d0%bf%d0%be%d0%b4-%d0%b7%d0%b0%d0%ba%d0%b0%d0%b7-%d0%be%d1%82\/\",\"name\":\"Pergol\\u0103 \\u2116 3 la comanda de la - Wood Shop\",\"isPartOf\":{\"@id\":\"https:\/\/woodshop.md\/ro\/#website\"},\"primaryImageOfPage\":{\"@id\":\"https:\/\/woodshop.md\/ro\/product\/%d0%bf%d0%b5%d1%80%d0%b3%d0%be%d0%bb%d0%b0-%e2%84%96-3-%d0%bf%d0%be%d0%b4-%d0%b7%d0%b0%d0%ba%d0%b0%d0%b7-%d0%be%d1%82\/#primaryimage\"},\"datePublished\":\"2021-11-24T15:07:22+00:00\",\"dateModified\":\"2021-12-23T15:18:15+00:00\",\"breadcrumb\":{\"@id\":\"https:\/\/woodshop.md\/ro\/product\/%d0%bf%d0%b5%d1%80%d0%b3%d0%be%d0%bb%d0%b0-%e2%84%96-3-%d0%bf%d0%be%d0%b4-%d0%b7%d0%b0%d0%ba%d0%b0%d0%b7-%d0%be%d1%82\/#breadcrumb\"},\"inLanguage\":\"ro-RO\",\"potentialAction\":[{\"@type\":\"ReadAction\",\"target\":[\"https:\/\/woodshop.md\/ro\/product\/%d0%bf%d0%b5%d1%80%d0%b3%d0%be%d0%bb%d0%b0-%e2%84%96-3-%d0%bf%d0%be%d0%b4-%d0%b7%d0%b0%d0%ba%d0%b0%d0%b7-%d0%be%d1%82\/\"]}]},{\"@type\":\"BreadcrumbList\",\"@id\":\"https:\/\/woodshop.md\/ro\/product\/%d0%bf%d0%b5%d1%80%d0%b3%d0%be%d0%bb%d0%b0-%e2%84%96-3-%d0%bf%d0%be%d0%b4-%d0%b7%d0%b0%d0%ba%d0%b0%d0%b7-%d0%be%d1%82\/#breadcrumb\",\"itemListElement\":[{\"@type\":\"ListItem\",\"position\":1,\"name\":\"\\u0413\\u043b\\u0430\\u0432\\u043d\\u0430\\u044f \\u0441\\u0442\\u0440\\u0430\\u043d\\u0438\\u0446\\u0430\",\"item\":\"https:\/\/woodshop.md\/ro\/\"},{\"@type\":\"ListItem\",\"position\":2,\"name\":\"Magazin\",\"item\":\"https:\/\/woodshop.md\/ro\/shop\/\"},{\"@type\":\"ListItem\",\"position\":3,\"name\":\"Pergol\\u0103 \\u2116 3 la comanda de la\"}]}]}<\/script>\n<!-- \/ Yoast SEO plugin. -->","yoast_head_json":{"title":"Pergol\u0103 \u2116 3 la comanda de la - Wood Shop","robots":{"index":"index","follow":"follow","max-snippet":"max-snippet:-1","max-image-preview":"max-image-preview:large","max-video-preview":"max-video-preview:-1"},"canonical":"https:\/\/woodshop.md\/ro\/product\/\u043f\u0435\u0440\u0433\u043e\u043b\u0430-\u2116-3-\u043f\u043e\u0434-\u0437\u0430\u043a\u0430\u0437-\u043e\u0442\/","og_locale":"ro_RO","og_type":"article","og_title":"Pergol\u0103 \u2116 3 la comanda de la - Wood Shop","og_description":"Marimea 4000\u04453000  Pergola(verand\u0103 ) din pin masiv.  Rafturi \u0219i maurlat din cherestea stratificata 100x100.  Pardoseala din placa de terasa de 40 mm,placa soclu 100x20.  Producem la comanda,orice modificare este posibil\u0103, vopsirea \u00een orice culoare cu lac de \u00eenalt\u0103 calitate, sau vopsea pe baz\u0103 de ap\u0103 cu aditiv de cauciuc, care confer\u0103 elasticitate \u0219i durabilitate stratului \u0219i produsului,precum \u0219i montarea.","og_url":"https:\/\/woodshop.md\/ro\/product\/\u043f\u0435\u0440\u0433\u043e\u043b\u0430-\u2116-3-\u043f\u043e\u0434-\u0437\u0430\u043a\u0430\u0437-\u043e\u0442\/","og_site_name":"Wood Shop","article_modified_time":"2021-12-23T15:18:15+00:00","og_image":[{"width":1600,"height":1200,"url":"https:\/\/woodshop.md\/ro\/wp-content\/uploads\/2021\/11\/\u041f\u0415\u0420\u0413\u041e\u041b\u0410-2.jpg","type":"image\/jpeg"}],"twitter_card":"summary_large_image","twitter_misc":{"Timp estimat pentru citire":"1 minut"},"schema":{"@context":"https:\/\/schema.org","@graph":[{"@type":"Organization","@id":"https:\/\/woodshop.md\/ro\/#organization","name":"WoodShop.md","url":"https:\/\/woodshop.md\/ro\/","sameAs":[],"logo":{"@type":"ImageObject","@id":"https:\/\/woodshop.md\/ro\/#logo","inLanguage":"ro-RO","url":"https:\/\/woodshop.md\/ro\/wp-content\/uploads\/2021\/12\/0-02-05-9c0bf8921b1505d6b39b4cb0ef26bf41bc954d0bb150652886d6d895d184c68a_e4fa3341ee6bf8d9.jpg","contentUrl":"https:\/\/woodshop.md\/ro\/wp-content\/uploads\/2021\/12\/0-02-05-9c0bf8921b1505d6b39b4cb0ef26bf41bc954d0bb150652886d6d895d184c68a_e4fa3341ee6bf8d9.jpg","width":464,"height":434,"caption":"WoodShop.md"},"image":{"@id":"https:\/\/woodshop.md\/ro\/#logo"}},{"@type":"WebSite","@id":"https:\/\/woodshop.md\/ro\/#website","url":"https:\/\/woodshop.md\/ro\/","name":"Wood Shop","description":"Produse din lemn pe stoc si la comanda","publisher":{"@id":"https:\/\/woodshop.md\/ro\/#organization"},"potentialAction":[{"@type":"SearchAction","target":{"@type":"EntryPoint","urlTemplate":"https:\/\/woodshop.md\/ro\/?s={search_term_string}"},"query-input":"required name=search_term_string"}],"inLanguage":"ro-RO"},{"@type":"ImageObject","@id":"https:\/\/woodshop.md\/ro\/product\/%d0%bf%d0%b5%d1%80%d0%b3%d0%be%d0%bb%d0%b0-%e2%84%96-3-%d0%bf%d0%be%d0%b4-%d0%b7%d0%b0%d0%ba%d0%b0%d0%b7-%d0%be%d1%82\/#primaryimage","inLanguage":"ro-RO","url":"https:\/\/woodshop.md\/ro\/wp-content\/uploads\/2021\/11\/\u041f\u0415\u0420\u0413\u041e\u041b\u0410-2.jpg","contentUrl":"https:\/\/woodshop.md\/ro\/wp-content\/uploads\/2021\/11\/\u041f\u0415\u0420\u0413\u041e\u041b\u0410-2.jpg","width":1600,"height":1200},{"@type":"WebPage","@id":"https:\/\/woodshop.md\/ro\/product\/%d0%bf%d0%b5%d1%80%d0%b3%d0%be%d0%bb%d0%b0-%e2%84%96-3-%d0%bf%d0%be%d0%b4-%d0%b7%d0%b0%d0%ba%d0%b0%d0%b7-%d0%be%d1%82\/#webpage","url":"https:\/\/woodshop.md\/ro\/product\/%d0%bf%d0%b5%d1%80%d0%b3%d0%be%d0%bb%d0%b0-%e2%84%96-3-%d0%bf%d0%be%d0%b4-%d0%b7%d0%b0%d0%ba%d0%b0%d0%b7-%d0%be%d1%82\/","name":"Pergol\u0103 \u2116 3 la comanda de la - Wood Shop","isPartOf":{"@id":"https:\/\/woodshop.md\/ro\/#website"},"primaryImageOfPage":{"@id":"https:\/\/woodshop.md\/ro\/product\/%d0%bf%d0%b5%d1%80%d0%b3%d0%be%d0%bb%d0%b0-%e2%84%96-3-%d0%bf%d0%be%d0%b4-%d0%b7%d0%b0%d0%ba%d0%b0%d0%b7-%d0%be%d1%82\/#primaryimage"},"datePublished":"2021-11-24T15:07:22+00:00","dateModified":"2021-12-23T15:18:15+00:00","breadcrumb":{"@id":"https:\/\/woodshop.md\/ro\/product\/%d0%bf%d0%b5%d1%80%d0%b3%d0%be%d0%bb%d0%b0-%e2%84%96-3-%d0%bf%d0%be%d0%b4-%d0%b7%d0%b0%d0%ba%d0%b0%d0%b7-%d0%be%d1%82\/#breadcrumb"},"inLanguage":"ro-RO","potentialAction":[{"@type":"ReadAction","target":["https:\/\/woodshop.md\/ro\/product\/%d0%bf%d0%b5%d1%80%d0%b3%d0%be%d0%bb%d0%b0-%e2%84%96-3-%d0%bf%d0%be%d0%b4-%d0%b7%d0%b0%d0%ba%d0%b0%d0%b7-%d0%be%d1%82\/"]}]},{"@type":"BreadcrumbList","@id":"https:\/\/woodshop.md\/ro\/product\/%d0%bf%d0%b5%d1%80%d0%b3%d0%be%d0%bb%d0%b0-%e2%84%96-3-%d0%bf%d0%be%d0%b4-%d0%b7%d0%b0%d0%ba%d0%b0%d0%b7-%d0%be%d1%82\/#breadcrumb","itemListElement":[{"@type":"ListItem","position":1,"name":"\u0413\u043b\u0430\u0432\u043d\u0430\u044f \u0441\u0442\u0440\u0430\u043d\u0438\u0446\u0430","item":"https:\/\/woodshop.md\/ro\/"},{"@type":"ListItem","position":2,"name":"Magazin","item":"https:\/\/woodshop.md\/ro\/shop\/"},{"@type":"ListItem","position":3,"name":"Pergol\u0103 \u2116 3 la comanda de la"}]}]}},"_links":{"self":[{"href":"https:\/\/woodshop.md\/ro\/wp-json\/wp\/v2\/product\/12992","targetHints":{"allow":["GET"]}}],"collection":[{"href":"https:\/\/woodshop.md\/ro\/wp-json\/wp\/v2\/product"}],"about":[{"href":"https:\/\/woodshop.md\/ro\/wp-json\/wp\/v2\/types\/product"}],"version-history":[{"count":2,"href":"https:\/\/woodshop.md\/ro\/wp-json\/wp\/v2\/product\/12992\/revisions"}],"predecessor-version":[{"id":13656,"href":"https:\/\/woodshop.md\/ro\/wp-json\/wp\/v2\/product\/12992\/revisions\/13656"}],"wp:featuredmedia":[{"embeddable":true,"href":"https:\/\/woodshop.md\/ro\/wp-json\/wp\/v2\/media\/12993"}],"wp:attachment":[{"href":"https:\/\/woodshop.md\/ro\/wp-json\/wp\/v2\/media?parent=12992"}],"wp:term":[{"taxonomy":"product_cat","embeddable":true,"href":"https:\/\/woodshop.md\/ro\/wp-json\/wp\/v2\/product_cat?post=12992"},{"taxonomy":"product_tag","embeddable":true,"href":"https:\/\/woodshop.md\/ro\/wp-json\/wp\/v2\/product_tag?post=12992"}],"curies":[{"name":"wp","href":"https:\/\/api.w.org\/{rel}","templated":true}]}}