{"id":13216,"date":"2021-11-29T07:40:33","date_gmt":"2021-11-29T07:40:33","guid":{"rendered":"https:\/\/woodshop.md\/ro\/?post_type=product&#038;p=13216"},"modified":"2025-12-02T06:43:23","modified_gmt":"2025-12-02T06:43:23","slug":"%d1%86%d0%b2%d0%b5%d1%82%d0%bd%d0%b8%d0%ba%d0%b8-%d1%8d%d0%bb%d0%b5%d0%b3%d0%b0%d0%bd%d1%82-%d0%be%d1%82","status":"publish","type":"product","link":"https:\/\/woodshop.md\/ro\/product\/%d1%86%d0%b2%d0%b5%d1%82%d0%bd%d0%b8%d0%ba%d0%b8-%d1%8d%d0%bb%d0%b5%d0%b3%d0%b0%d0%bd%d1%82-%d0%be%d1%82\/","title":{"rendered":"Ghiveci  \u201eElegant\u201d de la"},"content":{"rendered":"<ol>\n<li><strong>Marimea 500\u0445500\u0445520 \u041e\u0442 1725<\/strong><\/li>\n<li><strong>Marimea 600\u0445600\u0445520 \u041e\u0442 2070<\/strong><\/li>\n<li><strong>Marimea 700\u0445700\u0445520 \u041e\u0442 2400\u00a0<\/strong><\/li>\n<li><strong>Marimea 1000\u0445400\u0445520 \u041e\u0442 2400<\/strong><\/li>\n<li><strong>Marimea 1500\u0445400\u0445520 \u041e\u0442 3280<\/strong><\/li>\n<\/ol>\n<p>Fabricat din cherestea uscata de pin 40&#215;40 mm. La comanda, exist\u0103 posibilitatea de a face orice dimensiune \u0219i vopsirea \u00een orice culoare cu lac de \u00eenalt\u0103 calitate, sau vopsea pe baz\u0103 de ap\u0103 cu aditiv de cauciuc, care confer\u0103 elasticitate \u0219i durabilitate stratului \u0219i produsului.<\/p>\n","protected":false},"excerpt":{"rendered":"<ol>\n<li><strong>Marimea 500\u0445500\u0445520 \u041e\u0442 1725<\/strong><\/li>\n<li><strong>Marimea 600\u0445600\u0445520 \u041e\u0442 2070<\/strong><\/li>\n<li><strong>Marimea 700\u0445700\u0445520 \u041e\u0442 2400\u00a0<\/strong><\/li>\n<li><strong>Marimea 1000\u0445400\u0445520 \u041e\u0442 2400<\/strong><\/li>\n<li><strong>Marimea 1500\u0445400\u0445520 \u041e\u0442 3280<\/strong><\/li>\n<\/ol>\n<p>Fabricat din cherestea uscata de pin 40&#215;40 mm. La comanda, exist\u0103 posibilitatea de a face orice dimensiune \u0219i vopsirea \u00een orice culoare cu lac de \u00eenalt\u0103 calitate, sau vopsea pe baz\u0103 de ap\u0103 cu aditiv de cauciuc, care confer\u0103 elasticitate \u0219i durabilitate stratului \u0219i produsului.<\/p>\n","protected":false},"featured_media":13217,"template":"","meta":[],"product_cat":[70,89],"product_tag":[],"class_list":["post-13216","product","type-product","status-publish","has-post-thumbnail","hentry","product_cat-pentru-plante","product_cat-paturi-de-gradina"],"yoast_head":"<!-- This site is optimized with the Yoast SEO plugin v17.8 - https:\/\/yoast.com\/wordpress\/plugins\/seo\/ -->\n<title>Ghiveci \u201eElegant\u201d de la - Wood Shop<\/title>\n<meta name=\"robots\" content=\"index, follow, max-snippet:-1, max-image-preview:large, max-video-preview:-1\" \/>\n<link rel=\"canonical\" href=\"https:\/\/woodshop.md\/ro\/product\/\u0446\u0432\u0435\u0442\u043d\u0438\u043a\u0438-\u044d\u043b\u0435\u0433\u0430\u043d\u0442-\u043e\u0442\/\" \/>\n<meta property=\"og:locale\" content=\"ro_RO\" \/>\n<meta property=\"og:type\" content=\"article\" \/>\n<meta property=\"og:title\" content=\"Ghiveci \u201eElegant\u201d de la - Wood Shop\" \/>\n<meta property=\"og:description\" content=\"Marimea 500\u0445500\u0445520 \u041e\u0442 1725  Marimea 600\u0445600\u0445520 \u041e\u0442 2070  Marimea 700\u0445700\u0445520 \u041e\u0442 2400\u00a0  Marimea 1000\u0445400\u0445520 \u041e\u0442 2400  Marimea 1500\u0445400\u0445520 \u041e\u0442 3280  Fabricat din cherestea uscata de pin 40x40 mm. La comanda, exist\u0103 posibilitatea de a face orice dimensiune \u0219i vopsirea \u00een orice culoare cu lac de \u00eenalt\u0103 calitate, sau vopsea pe baz\u0103 de ap\u0103 cu aditiv de cauciuc, care confer\u0103 elasticitate \u0219i durabilitate stratului \u0219i produsului.\" \/>\n<meta property=\"og:url\" content=\"https:\/\/woodshop.md\/ro\/product\/\u0446\u0432\u0435\u0442\u043d\u0438\u043a\u0438-\u044d\u043b\u0435\u0433\u0430\u043d\u0442-\u043e\u0442\/\" \/>\n<meta property=\"og:site_name\" content=\"Wood Shop\" \/>\n<meta property=\"article:modified_time\" content=\"2025-12-02T06:43:23+00:00\" \/>\n<meta property=\"og:image\" content=\"https:\/\/woodshop.md\/ro\/wp-content\/uploads\/2021\/11\/\u0426\u0412\u0415\u0422\u041d\u0418\u041a\u0418.-\u041f\u0420\u0418-\u0412\u0425\u041e\u0414\u0415-\u0412-\u0414\u041e\u041c-1.jpg\" \/>\n\t<meta property=\"og:image:width\" content=\"1000\" \/>\n\t<meta property=\"og:image:height\" content=\"1000\" \/>\n<meta name=\"twitter:card\" content=\"summary_large_image\" \/>\n<meta name=\"twitter:label1\" content=\"Timp estimat pentru citire\" \/>\n\t<meta name=\"twitter:data1\" content=\"1 minut\" \/>\n<script type=\"application\/ld+json\" class=\"yoast-schema-graph\">{\"@context\":\"https:\/\/schema.org\",\"@graph\":[{\"@type\":\"Organization\",\"@id\":\"https:\/\/woodshop.md\/ro\/#organization\",\"name\":\"WoodShop.md\",\"url\":\"https:\/\/woodshop.md\/ro\/\",\"sameAs\":[],\"logo\":{\"@type\":\"ImageObject\",\"@id\":\"https:\/\/woodshop.md\/ro\/#logo\",\"inLanguage\":\"ro-RO\",\"url\":\"https:\/\/woodshop.md\/ro\/wp-content\/uploads\/2021\/12\/0-02-05-9c0bf8921b1505d6b39b4cb0ef26bf41bc954d0bb150652886d6d895d184c68a_e4fa3341ee6bf8d9.jpg\",\"contentUrl\":\"https:\/\/woodshop.md\/ro\/wp-content\/uploads\/2021\/12\/0-02-05-9c0bf8921b1505d6b39b4cb0ef26bf41bc954d0bb150652886d6d895d184c68a_e4fa3341ee6bf8d9.jpg\",\"width\":464,\"height\":434,\"caption\":\"WoodShop.md\"},\"image\":{\"@id\":\"https:\/\/woodshop.md\/ro\/#logo\"}},{\"@type\":\"WebSite\",\"@id\":\"https:\/\/woodshop.md\/ro\/#website\",\"url\":\"https:\/\/woodshop.md\/ro\/\",\"name\":\"Wood Shop\",\"description\":\"Produse din lemn pe stoc si la comanda\",\"publisher\":{\"@id\":\"https:\/\/woodshop.md\/ro\/#organization\"},\"potentialAction\":[{\"@type\":\"SearchAction\",\"target\":{\"@type\":\"EntryPoint\",\"urlTemplate\":\"https:\/\/woodshop.md\/ro\/?s={search_term_string}\"},\"query-input\":\"required name=search_term_string\"}],\"inLanguage\":\"ro-RO\"},{\"@type\":\"ImageObject\",\"@id\":\"https:\/\/woodshop.md\/ro\/product\/%d1%86%d0%b2%d0%b5%d1%82%d0%bd%d0%b8%d0%ba%d0%b8-%d1%8d%d0%bb%d0%b5%d0%b3%d0%b0%d0%bd%d1%82-%d0%be%d1%82\/#primaryimage\",\"inLanguage\":\"ro-RO\",\"url\":\"https:\/\/woodshop.md\/ro\/wp-content\/uploads\/2021\/11\/\\u0426\\u0412\\u0415\\u0422\\u041d\\u0418\\u041a\\u0418.-\\u041f\\u0420\\u0418-\\u0412\\u0425\\u041e\\u0414\\u0415-\\u0412-\\u0414\\u041e\\u041c-1.jpg\",\"contentUrl\":\"https:\/\/woodshop.md\/ro\/wp-content\/uploads\/2021\/11\/\\u0426\\u0412\\u0415\\u0422\\u041d\\u0418\\u041a\\u0418.-\\u041f\\u0420\\u0418-\\u0412\\u0425\\u041e\\u0414\\u0415-\\u0412-\\u0414\\u041e\\u041c-1.jpg\",\"width\":1000,\"height\":1000},{\"@type\":\"WebPage\",\"@id\":\"https:\/\/woodshop.md\/ro\/product\/%d1%86%d0%b2%d0%b5%d1%82%d0%bd%d0%b8%d0%ba%d0%b8-%d1%8d%d0%bb%d0%b5%d0%b3%d0%b0%d0%bd%d1%82-%d0%be%d1%82\/#webpage\",\"url\":\"https:\/\/woodshop.md\/ro\/product\/%d1%86%d0%b2%d0%b5%d1%82%d0%bd%d0%b8%d0%ba%d0%b8-%d1%8d%d0%bb%d0%b5%d0%b3%d0%b0%d0%bd%d1%82-%d0%be%d1%82\/\",\"name\":\"Ghiveci \\u201eElegant\\u201d de la - Wood Shop\",\"isPartOf\":{\"@id\":\"https:\/\/woodshop.md\/ro\/#website\"},\"primaryImageOfPage\":{\"@id\":\"https:\/\/woodshop.md\/ro\/product\/%d1%86%d0%b2%d0%b5%d1%82%d0%bd%d0%b8%d0%ba%d0%b8-%d1%8d%d0%bb%d0%b5%d0%b3%d0%b0%d0%bd%d1%82-%d0%be%d1%82\/#primaryimage\"},\"datePublished\":\"2021-11-29T07:40:33+00:00\",\"dateModified\":\"2025-12-02T06:43:23+00:00\",\"breadcrumb\":{\"@id\":\"https:\/\/woodshop.md\/ro\/product\/%d1%86%d0%b2%d0%b5%d1%82%d0%bd%d0%b8%d0%ba%d0%b8-%d1%8d%d0%bb%d0%b5%d0%b3%d0%b0%d0%bd%d1%82-%d0%be%d1%82\/#breadcrumb\"},\"inLanguage\":\"ro-RO\",\"potentialAction\":[{\"@type\":\"ReadAction\",\"target\":[\"https:\/\/woodshop.md\/ro\/product\/%d1%86%d0%b2%d0%b5%d1%82%d0%bd%d0%b8%d0%ba%d0%b8-%d1%8d%d0%bb%d0%b5%d0%b3%d0%b0%d0%bd%d1%82-%d0%be%d1%82\/\"]}]},{\"@type\":\"BreadcrumbList\",\"@id\":\"https:\/\/woodshop.md\/ro\/product\/%d1%86%d0%b2%d0%b5%d1%82%d0%bd%d0%b8%d0%ba%d0%b8-%d1%8d%d0%bb%d0%b5%d0%b3%d0%b0%d0%bd%d1%82-%d0%be%d1%82\/#breadcrumb\",\"itemListElement\":[{\"@type\":\"ListItem\",\"position\":1,\"name\":\"\\u0413\\u043b\\u0430\\u0432\\u043d\\u0430\\u044f \\u0441\\u0442\\u0440\\u0430\\u043d\\u0438\\u0446\\u0430\",\"item\":\"https:\/\/woodshop.md\/ro\/\"},{\"@type\":\"ListItem\",\"position\":2,\"name\":\"Magazin\",\"item\":\"https:\/\/woodshop.md\/ro\/shop\/\"},{\"@type\":\"ListItem\",\"position\":3,\"name\":\"Ghiveci \\u201eElegant\\u201d de la\"}]}]}<\/script>\n<!-- \/ Yoast SEO plugin. -->","yoast_head_json":{"title":"Ghiveci \u201eElegant\u201d de la - Wood Shop","robots":{"index":"index","follow":"follow","max-snippet":"max-snippet:-1","max-image-preview":"max-image-preview:large","max-video-preview":"max-video-preview:-1"},"canonical":"https:\/\/woodshop.md\/ro\/product\/\u0446\u0432\u0435\u0442\u043d\u0438\u043a\u0438-\u044d\u043b\u0435\u0433\u0430\u043d\u0442-\u043e\u0442\/","og_locale":"ro_RO","og_type":"article","og_title":"Ghiveci \u201eElegant\u201d de la - Wood Shop","og_description":"Marimea 500\u0445500\u0445520 \u041e\u0442 1725  Marimea 600\u0445600\u0445520 \u041e\u0442 2070  Marimea 700\u0445700\u0445520 \u041e\u0442 2400\u00a0  Marimea 1000\u0445400\u0445520 \u041e\u0442 2400  Marimea 1500\u0445400\u0445520 \u041e\u0442 3280  Fabricat din cherestea uscata de pin 40x40 mm. La comanda, exist\u0103 posibilitatea de a face orice dimensiune \u0219i vopsirea \u00een orice culoare cu lac de \u00eenalt\u0103 calitate, sau vopsea pe baz\u0103 de ap\u0103 cu aditiv de cauciuc, care confer\u0103 elasticitate \u0219i durabilitate stratului \u0219i produsului.","og_url":"https:\/\/woodshop.md\/ro\/product\/\u0446\u0432\u0435\u0442\u043d\u0438\u043a\u0438-\u044d\u043b\u0435\u0433\u0430\u043d\u0442-\u043e\u0442\/","og_site_name":"Wood Shop","article_modified_time":"2025-12-02T06:43:23+00:00","og_image":[{"width":1000,"height":1000,"url":"https:\/\/woodshop.md\/ro\/wp-content\/uploads\/2021\/11\/\u0426\u0412\u0415\u0422\u041d\u0418\u041a\u0418.-\u041f\u0420\u0418-\u0412\u0425\u041e\u0414\u0415-\u0412-\u0414\u041e\u041c-1.jpg","type":"image\/jpeg"}],"twitter_card":"summary_large_image","twitter_misc":{"Timp estimat pentru citire":"1 minut"},"schema":{"@context":"https:\/\/schema.org","@graph":[{"@type":"Organization","@id":"https:\/\/woodshop.md\/ro\/#organization","name":"WoodShop.md","url":"https:\/\/woodshop.md\/ro\/","sameAs":[],"logo":{"@type":"ImageObject","@id":"https:\/\/woodshop.md\/ro\/#logo","inLanguage":"ro-RO","url":"https:\/\/woodshop.md\/ro\/wp-content\/uploads\/2021\/12\/0-02-05-9c0bf8921b1505d6b39b4cb0ef26bf41bc954d0bb150652886d6d895d184c68a_e4fa3341ee6bf8d9.jpg","contentUrl":"https:\/\/woodshop.md\/ro\/wp-content\/uploads\/2021\/12\/0-02-05-9c0bf8921b1505d6b39b4cb0ef26bf41bc954d0bb150652886d6d895d184c68a_e4fa3341ee6bf8d9.jpg","width":464,"height":434,"caption":"WoodShop.md"},"image":{"@id":"https:\/\/woodshop.md\/ro\/#logo"}},{"@type":"WebSite","@id":"https:\/\/woodshop.md\/ro\/#website","url":"https:\/\/woodshop.md\/ro\/","name":"Wood Shop","description":"Produse din lemn pe stoc si la comanda","publisher":{"@id":"https:\/\/woodshop.md\/ro\/#organization"},"potentialAction":[{"@type":"SearchAction","target":{"@type":"EntryPoint","urlTemplate":"https:\/\/woodshop.md\/ro\/?s={search_term_string}"},"query-input":"required name=search_term_string"}],"inLanguage":"ro-RO"},{"@type":"ImageObject","@id":"https:\/\/woodshop.md\/ro\/product\/%d1%86%d0%b2%d0%b5%d1%82%d0%bd%d0%b8%d0%ba%d0%b8-%d1%8d%d0%bb%d0%b5%d0%b3%d0%b0%d0%bd%d1%82-%d0%be%d1%82\/#primaryimage","inLanguage":"ro-RO","url":"https:\/\/woodshop.md\/ro\/wp-content\/uploads\/2021\/11\/\u0426\u0412\u0415\u0422\u041d\u0418\u041a\u0418.-\u041f\u0420\u0418-\u0412\u0425\u041e\u0414\u0415-\u0412-\u0414\u041e\u041c-1.jpg","contentUrl":"https:\/\/woodshop.md\/ro\/wp-content\/uploads\/2021\/11\/\u0426\u0412\u0415\u0422\u041d\u0418\u041a\u0418.-\u041f\u0420\u0418-\u0412\u0425\u041e\u0414\u0415-\u0412-\u0414\u041e\u041c-1.jpg","width":1000,"height":1000},{"@type":"WebPage","@id":"https:\/\/woodshop.md\/ro\/product\/%d1%86%d0%b2%d0%b5%d1%82%d0%bd%d0%b8%d0%ba%d0%b8-%d1%8d%d0%bb%d0%b5%d0%b3%d0%b0%d0%bd%d1%82-%d0%be%d1%82\/#webpage","url":"https:\/\/woodshop.md\/ro\/product\/%d1%86%d0%b2%d0%b5%d1%82%d0%bd%d0%b8%d0%ba%d0%b8-%d1%8d%d0%bb%d0%b5%d0%b3%d0%b0%d0%bd%d1%82-%d0%be%d1%82\/","name":"Ghiveci \u201eElegant\u201d de la - Wood Shop","isPartOf":{"@id":"https:\/\/woodshop.md\/ro\/#website"},"primaryImageOfPage":{"@id":"https:\/\/woodshop.md\/ro\/product\/%d1%86%d0%b2%d0%b5%d1%82%d0%bd%d0%b8%d0%ba%d0%b8-%d1%8d%d0%bb%d0%b5%d0%b3%d0%b0%d0%bd%d1%82-%d0%be%d1%82\/#primaryimage"},"datePublished":"2021-11-29T07:40:33+00:00","dateModified":"2025-12-02T06:43:23+00:00","breadcrumb":{"@id":"https:\/\/woodshop.md\/ro\/product\/%d1%86%d0%b2%d0%b5%d1%82%d0%bd%d0%b8%d0%ba%d0%b8-%d1%8d%d0%bb%d0%b5%d0%b3%d0%b0%d0%bd%d1%82-%d0%be%d1%82\/#breadcrumb"},"inLanguage":"ro-RO","potentialAction":[{"@type":"ReadAction","target":["https:\/\/woodshop.md\/ro\/product\/%d1%86%d0%b2%d0%b5%d1%82%d0%bd%d0%b8%d0%ba%d0%b8-%d1%8d%d0%bb%d0%b5%d0%b3%d0%b0%d0%bd%d1%82-%d0%be%d1%82\/"]}]},{"@type":"BreadcrumbList","@id":"https:\/\/woodshop.md\/ro\/product\/%d1%86%d0%b2%d0%b5%d1%82%d0%bd%d0%b8%d0%ba%d0%b8-%d1%8d%d0%bb%d0%b5%d0%b3%d0%b0%d0%bd%d1%82-%d0%be%d1%82\/#breadcrumb","itemListElement":[{"@type":"ListItem","position":1,"name":"\u0413\u043b\u0430\u0432\u043d\u0430\u044f \u0441\u0442\u0440\u0430\u043d\u0438\u0446\u0430","item":"https:\/\/woodshop.md\/ro\/"},{"@type":"ListItem","position":2,"name":"Magazin","item":"https:\/\/woodshop.md\/ro\/shop\/"},{"@type":"ListItem","position":3,"name":"Ghiveci \u201eElegant\u201d de la"}]}]}},"_links":{"self":[{"href":"https:\/\/woodshop.md\/ro\/wp-json\/wp\/v2\/product\/13216","targetHints":{"allow":["GET"]}}],"collection":[{"href":"https:\/\/woodshop.md\/ro\/wp-json\/wp\/v2\/product"}],"about":[{"href":"https:\/\/woodshop.md\/ro\/wp-json\/wp\/v2\/types\/product"}],"version-history":[{"count":4,"href":"https:\/\/woodshop.md\/ro\/wp-json\/wp\/v2\/product\/13216\/revisions"}],"predecessor-version":[{"id":13876,"href":"https:\/\/woodshop.md\/ro\/wp-json\/wp\/v2\/product\/13216\/revisions\/13876"}],"wp:featuredmedia":[{"embeddable":true,"href":"https:\/\/woodshop.md\/ro\/wp-json\/wp\/v2\/media\/13217"}],"wp:attachment":[{"href":"https:\/\/woodshop.md\/ro\/wp-json\/wp\/v2\/media?parent=13216"}],"wp:term":[{"taxonomy":"product_cat","embeddable":true,"href":"https:\/\/woodshop.md\/ro\/wp-json\/wp\/v2\/product_cat?post=13216"},{"taxonomy":"product_tag","embeddable":true,"href":"https:\/\/woodshop.md\/ro\/wp-json\/wp\/v2\/product_tag?post=13216"}],"curies":[{"name":"wp","href":"https:\/\/api.w.org\/{rel}","templated":true}]}}