{"id":13675,"date":"2021-12-24T07:57:42","date_gmt":"2021-12-24T07:57:42","guid":{"rendered":"https:\/\/woodshop.md\/ro\/?post_type=product&#038;p=13675"},"modified":"2021-12-24T07:58:39","modified_gmt":"2021-12-24T07:58:39","slug":"raft-mobil-pentru-incaltaminte-si-haine-de-la","status":"publish","type":"product","link":"https:\/\/woodshop.md\/ro\/product\/raft-mobil-pentru-incaltaminte-si-haine-de-la\/","title":{"rendered":"Raft mobil pentru incaltaminte si haine de la"},"content":{"rendered":"<p><strong>Marimea 350\u04451100\u04451600<\/strong><\/p>\n<p>Fabricat din pin masiv .<\/p>\n<p>La comanda, exist\u0103 posibilitatea de a face orice dimensiune ,alte forme, din alte specii de lemn, precum si vopsirea \u00een orice culoare cu lac de \u00eenalt\u0103 calitate sau vopsea pe baz\u0103 de ap\u0103 cu aditiv de cauciuc, care confer\u0103 elasticitate \u0219i durabilitate stratului \u0219i produsului.<\/p>\n","protected":false},"excerpt":{"rendered":"<p><strong>Marimea 350\u04451100\u04451600<\/strong><\/p>\n<p>Fabricat din pin masiv .<\/p>\n<p>La comanda, exist\u0103 posibilitatea de a face orice dimensiune ,alte forme, din alte specii de lemn, precum si vopsirea \u00een orice culoare cu lac de \u00eenalt\u0103 calitate sau vopsea pe baz\u0103 de ap\u0103 cu aditiv de cauciuc, care confer\u0103 elasticitate \u0219i durabilitate stratului \u0219i produsului.<\/p>\n","protected":false},"featured_media":13676,"template":"","meta":[],"product_cat":[73,104],"product_tag":[],"class_list":["post-13675","product","type-product","status-publish","has-post-thumbnail","hentry","product_cat-mobila-pentru-casa","product_cat-rafturi-mobila-pentru-casa"],"yoast_head":"<!-- This site is optimized with the Yoast SEO plugin v17.8 - https:\/\/yoast.com\/wordpress\/plugins\/seo\/ -->\n<title>Raft mobil pentru incaltaminte si haine de la - Wood Shop<\/title>\n<meta name=\"robots\" content=\"index, follow, max-snippet:-1, max-image-preview:large, max-video-preview:-1\" \/>\n<link rel=\"canonical\" href=\"https:\/\/woodshop.md\/ro\/product\/raft-mobil-pentru-incaltaminte-si-haine-de-la\/\" \/>\n<meta property=\"og:locale\" content=\"ro_RO\" \/>\n<meta property=\"og:type\" content=\"article\" \/>\n<meta property=\"og:title\" content=\"Raft mobil pentru incaltaminte si haine de la - Wood Shop\" \/>\n<meta property=\"og:description\" content=\"Marimea 350\u04451100\u04451600  Fabricat din pin masiv .  La comanda, exist\u0103 posibilitatea de a face orice dimensiune ,alte forme, din alte specii de lemn, precum si vopsirea \u00een orice culoare cu lac de \u00eenalt\u0103 calitate sau vopsea pe baz\u0103 de ap\u0103 cu aditiv de cauciuc, care confer\u0103 elasticitate \u0219i durabilitate stratului \u0219i produsului.\" \/>\n<meta property=\"og:url\" content=\"https:\/\/woodshop.md\/ro\/product\/raft-mobil-pentru-incaltaminte-si-haine-de-la\/\" \/>\n<meta property=\"og:site_name\" content=\"Wood Shop\" \/>\n<meta property=\"article:modified_time\" content=\"2021-12-24T07:58:39+00:00\" \/>\n<meta property=\"og:image\" content=\"https:\/\/woodshop.md\/ro\/wp-content\/uploads\/2021\/12\/\u0421\u0422\u0415\u041b\u041b\u0410\u0416-\u0414\u041b\u042f-\u041e\u0411\u0423\u0412\u0418-\u0418-\u041e\u0414\u0415\u0416\u0414\u042b-scaled.jpg\" \/>\n\t<meta property=\"og:image:width\" content=\"2560\" \/>\n\t<meta property=\"og:image:height\" content=\"2560\" \/>\n<meta name=\"twitter:card\" content=\"summary_large_image\" \/>\n<script type=\"application\/ld+json\" class=\"yoast-schema-graph\">{\"@context\":\"https:\/\/schema.org\",\"@graph\":[{\"@type\":\"Organization\",\"@id\":\"https:\/\/woodshop.md\/ro\/#organization\",\"name\":\"WoodShop.md\",\"url\":\"https:\/\/woodshop.md\/ro\/\",\"sameAs\":[],\"logo\":{\"@type\":\"ImageObject\",\"@id\":\"https:\/\/woodshop.md\/ro\/#logo\",\"inLanguage\":\"ro-RO\",\"url\":\"https:\/\/woodshop.md\/ro\/wp-content\/uploads\/2021\/12\/0-02-05-9c0bf8921b1505d6b39b4cb0ef26bf41bc954d0bb150652886d6d895d184c68a_e4fa3341ee6bf8d9.jpg\",\"contentUrl\":\"https:\/\/woodshop.md\/ro\/wp-content\/uploads\/2021\/12\/0-02-05-9c0bf8921b1505d6b39b4cb0ef26bf41bc954d0bb150652886d6d895d184c68a_e4fa3341ee6bf8d9.jpg\",\"width\":464,\"height\":434,\"caption\":\"WoodShop.md\"},\"image\":{\"@id\":\"https:\/\/woodshop.md\/ro\/#logo\"}},{\"@type\":\"WebSite\",\"@id\":\"https:\/\/woodshop.md\/ro\/#website\",\"url\":\"https:\/\/woodshop.md\/ro\/\",\"name\":\"Wood Shop\",\"description\":\"Produse din lemn pe stoc si la comanda\",\"publisher\":{\"@id\":\"https:\/\/woodshop.md\/ro\/#organization\"},\"potentialAction\":[{\"@type\":\"SearchAction\",\"target\":{\"@type\":\"EntryPoint\",\"urlTemplate\":\"https:\/\/woodshop.md\/ro\/?s={search_term_string}\"},\"query-input\":\"required name=search_term_string\"}],\"inLanguage\":\"ro-RO\"},{\"@type\":\"ImageObject\",\"@id\":\"https:\/\/woodshop.md\/ro\/product\/raft-mobil-pentru-incaltaminte-si-haine-de-la\/#primaryimage\",\"inLanguage\":\"ro-RO\",\"url\":\"https:\/\/woodshop.md\/ro\/wp-content\/uploads\/2021\/12\/\\u0421\\u0422\\u0415\\u041b\\u041b\\u0410\\u0416-\\u0414\\u041b\\u042f-\\u041e\\u0411\\u0423\\u0412\\u0418-\\u0418-\\u041e\\u0414\\u0415\\u0416\\u0414\\u042b-scaled.jpg\",\"contentUrl\":\"https:\/\/woodshop.md\/ro\/wp-content\/uploads\/2021\/12\/\\u0421\\u0422\\u0415\\u041b\\u041b\\u0410\\u0416-\\u0414\\u041b\\u042f-\\u041e\\u0411\\u0423\\u0412\\u0418-\\u0418-\\u041e\\u0414\\u0415\\u0416\\u0414\\u042b-scaled.jpg\",\"width\":2560,\"height\":2560},{\"@type\":\"WebPage\",\"@id\":\"https:\/\/woodshop.md\/ro\/product\/raft-mobil-pentru-incaltaminte-si-haine-de-la\/#webpage\",\"url\":\"https:\/\/woodshop.md\/ro\/product\/raft-mobil-pentru-incaltaminte-si-haine-de-la\/\",\"name\":\"Raft mobil pentru incaltaminte si haine de la - Wood Shop\",\"isPartOf\":{\"@id\":\"https:\/\/woodshop.md\/ro\/#website\"},\"primaryImageOfPage\":{\"@id\":\"https:\/\/woodshop.md\/ro\/product\/raft-mobil-pentru-incaltaminte-si-haine-de-la\/#primaryimage\"},\"datePublished\":\"2021-12-24T07:57:42+00:00\",\"dateModified\":\"2021-12-24T07:58:39+00:00\",\"breadcrumb\":{\"@id\":\"https:\/\/woodshop.md\/ro\/product\/raft-mobil-pentru-incaltaminte-si-haine-de-la\/#breadcrumb\"},\"inLanguage\":\"ro-RO\",\"potentialAction\":[{\"@type\":\"ReadAction\",\"target\":[\"https:\/\/woodshop.md\/ro\/product\/raft-mobil-pentru-incaltaminte-si-haine-de-la\/\"]}]},{\"@type\":\"BreadcrumbList\",\"@id\":\"https:\/\/woodshop.md\/ro\/product\/raft-mobil-pentru-incaltaminte-si-haine-de-la\/#breadcrumb\",\"itemListElement\":[{\"@type\":\"ListItem\",\"position\":1,\"name\":\"\\u0413\\u043b\\u0430\\u0432\\u043d\\u0430\\u044f \\u0441\\u0442\\u0440\\u0430\\u043d\\u0438\\u0446\\u0430\",\"item\":\"https:\/\/woodshop.md\/ro\/\"},{\"@type\":\"ListItem\",\"position\":2,\"name\":\"Magazin\",\"item\":\"https:\/\/woodshop.md\/ro\/shop\/\"},{\"@type\":\"ListItem\",\"position\":3,\"name\":\"Raft mobil pentru incaltaminte si haine de la\"}]}]}<\/script>\n<!-- \/ Yoast SEO plugin. -->","yoast_head_json":{"title":"Raft mobil pentru incaltaminte si haine de la - Wood Shop","robots":{"index":"index","follow":"follow","max-snippet":"max-snippet:-1","max-image-preview":"max-image-preview:large","max-video-preview":"max-video-preview:-1"},"canonical":"https:\/\/woodshop.md\/ro\/product\/raft-mobil-pentru-incaltaminte-si-haine-de-la\/","og_locale":"ro_RO","og_type":"article","og_title":"Raft mobil pentru incaltaminte si haine de la - Wood Shop","og_description":"Marimea 350\u04451100\u04451600  Fabricat din pin masiv .  La comanda, exist\u0103 posibilitatea de a face orice dimensiune ,alte forme, din alte specii de lemn, precum si vopsirea \u00een orice culoare cu lac de \u00eenalt\u0103 calitate sau vopsea pe baz\u0103 de ap\u0103 cu aditiv de cauciuc, care confer\u0103 elasticitate \u0219i durabilitate stratului \u0219i produsului.","og_url":"https:\/\/woodshop.md\/ro\/product\/raft-mobil-pentru-incaltaminte-si-haine-de-la\/","og_site_name":"Wood Shop","article_modified_time":"2021-12-24T07:58:39+00:00","og_image":[{"width":2560,"height":2560,"url":"https:\/\/woodshop.md\/ro\/wp-content\/uploads\/2021\/12\/\u0421\u0422\u0415\u041b\u041b\u0410\u0416-\u0414\u041b\u042f-\u041e\u0411\u0423\u0412\u0418-\u0418-\u041e\u0414\u0415\u0416\u0414\u042b-scaled.jpg","type":"image\/jpeg"}],"twitter_card":"summary_large_image","schema":{"@context":"https:\/\/schema.org","@graph":[{"@type":"Organization","@id":"https:\/\/woodshop.md\/ro\/#organization","name":"WoodShop.md","url":"https:\/\/woodshop.md\/ro\/","sameAs":[],"logo":{"@type":"ImageObject","@id":"https:\/\/woodshop.md\/ro\/#logo","inLanguage":"ro-RO","url":"https:\/\/woodshop.md\/ro\/wp-content\/uploads\/2021\/12\/0-02-05-9c0bf8921b1505d6b39b4cb0ef26bf41bc954d0bb150652886d6d895d184c68a_e4fa3341ee6bf8d9.jpg","contentUrl":"https:\/\/woodshop.md\/ro\/wp-content\/uploads\/2021\/12\/0-02-05-9c0bf8921b1505d6b39b4cb0ef26bf41bc954d0bb150652886d6d895d184c68a_e4fa3341ee6bf8d9.jpg","width":464,"height":434,"caption":"WoodShop.md"},"image":{"@id":"https:\/\/woodshop.md\/ro\/#logo"}},{"@type":"WebSite","@id":"https:\/\/woodshop.md\/ro\/#website","url":"https:\/\/woodshop.md\/ro\/","name":"Wood Shop","description":"Produse din lemn pe stoc si la comanda","publisher":{"@id":"https:\/\/woodshop.md\/ro\/#organization"},"potentialAction":[{"@type":"SearchAction","target":{"@type":"EntryPoint","urlTemplate":"https:\/\/woodshop.md\/ro\/?s={search_term_string}"},"query-input":"required name=search_term_string"}],"inLanguage":"ro-RO"},{"@type":"ImageObject","@id":"https:\/\/woodshop.md\/ro\/product\/raft-mobil-pentru-incaltaminte-si-haine-de-la\/#primaryimage","inLanguage":"ro-RO","url":"https:\/\/woodshop.md\/ro\/wp-content\/uploads\/2021\/12\/\u0421\u0422\u0415\u041b\u041b\u0410\u0416-\u0414\u041b\u042f-\u041e\u0411\u0423\u0412\u0418-\u0418-\u041e\u0414\u0415\u0416\u0414\u042b-scaled.jpg","contentUrl":"https:\/\/woodshop.md\/ro\/wp-content\/uploads\/2021\/12\/\u0421\u0422\u0415\u041b\u041b\u0410\u0416-\u0414\u041b\u042f-\u041e\u0411\u0423\u0412\u0418-\u0418-\u041e\u0414\u0415\u0416\u0414\u042b-scaled.jpg","width":2560,"height":2560},{"@type":"WebPage","@id":"https:\/\/woodshop.md\/ro\/product\/raft-mobil-pentru-incaltaminte-si-haine-de-la\/#webpage","url":"https:\/\/woodshop.md\/ro\/product\/raft-mobil-pentru-incaltaminte-si-haine-de-la\/","name":"Raft mobil pentru incaltaminte si haine de la - Wood Shop","isPartOf":{"@id":"https:\/\/woodshop.md\/ro\/#website"},"primaryImageOfPage":{"@id":"https:\/\/woodshop.md\/ro\/product\/raft-mobil-pentru-incaltaminte-si-haine-de-la\/#primaryimage"},"datePublished":"2021-12-24T07:57:42+00:00","dateModified":"2021-12-24T07:58:39+00:00","breadcrumb":{"@id":"https:\/\/woodshop.md\/ro\/product\/raft-mobil-pentru-incaltaminte-si-haine-de-la\/#breadcrumb"},"inLanguage":"ro-RO","potentialAction":[{"@type":"ReadAction","target":["https:\/\/woodshop.md\/ro\/product\/raft-mobil-pentru-incaltaminte-si-haine-de-la\/"]}]},{"@type":"BreadcrumbList","@id":"https:\/\/woodshop.md\/ro\/product\/raft-mobil-pentru-incaltaminte-si-haine-de-la\/#breadcrumb","itemListElement":[{"@type":"ListItem","position":1,"name":"\u0413\u043b\u0430\u0432\u043d\u0430\u044f \u0441\u0442\u0440\u0430\u043d\u0438\u0446\u0430","item":"https:\/\/woodshop.md\/ro\/"},{"@type":"ListItem","position":2,"name":"Magazin","item":"https:\/\/woodshop.md\/ro\/shop\/"},{"@type":"ListItem","position":3,"name":"Raft mobil pentru incaltaminte si haine de la"}]}]}},"_links":{"self":[{"href":"https:\/\/woodshop.md\/ro\/wp-json\/wp\/v2\/product\/13675","targetHints":{"allow":["GET"]}}],"collection":[{"href":"https:\/\/woodshop.md\/ro\/wp-json\/wp\/v2\/product"}],"about":[{"href":"https:\/\/woodshop.md\/ro\/wp-json\/wp\/v2\/types\/product"}],"version-history":[{"count":1,"href":"https:\/\/woodshop.md\/ro\/wp-json\/wp\/v2\/product\/13675\/revisions"}],"predecessor-version":[{"id":13677,"href":"https:\/\/woodshop.md\/ro\/wp-json\/wp\/v2\/product\/13675\/revisions\/13677"}],"wp:featuredmedia":[{"embeddable":true,"href":"https:\/\/woodshop.md\/ro\/wp-json\/wp\/v2\/media\/13676"}],"wp:attachment":[{"href":"https:\/\/woodshop.md\/ro\/wp-json\/wp\/v2\/media?parent=13675"}],"wp:term":[{"taxonomy":"product_cat","embeddable":true,"href":"https:\/\/woodshop.md\/ro\/wp-json\/wp\/v2\/product_cat?post=13675"},{"taxonomy":"product_tag","embeddable":true,"href":"https:\/\/woodshop.md\/ro\/wp-json\/wp\/v2\/product_tag?post=13675"}],"curies":[{"name":"wp","href":"https:\/\/api.w.org\/{rel}","templated":true}]}}